{"id":345,"date":"2015-07-30T22:50:54","date_gmt":"2015-07-30T22:50:54","guid":{"rendered":"http:\/\/helpinghands.skat.tf\/?page_id=345"},"modified":"2023-05-19T09:12:50","modified_gmt":"2023-05-19T09:12:50","slug":"faqs","status":"publish","type":"page","link":"https:\/\/ajan.africa\/fr\/faqs\/","title":{"rendered":"FAQ"},"content":{"rendered":"<div class=\"vc_row wpb_row vc_row-fluid\"><div class=\"container\"><div class=\"sd-centered-wrapper\"><div class=\"wpb_column vc_column_container vc_col-sm-12\"><div class=\"vc_column-inner\"><div class=\"wpb_wrapper\"><div class=\"ult-spacer spacer-69f7164eda096\" data-id=\"69f7164eda096\" data-height=\"110\" data-height-mobile=\"50\" data-height-tab=\"\" data-height-tab-portrait=\"\" data-height-mobile-landscape=\"\" style=\"clear:both;display:block;\"><\/div><div id=\"ultimate-heading-100169f7164eda1b4\" class=\"uvc-heading ult-adjust-bottom-margin ultimate-heading-100169f7164eda1b4 uvc-382\" data-hspacer=\"no_spacer\"  data-halign=\"left\" style=\"text-align:left\"><div class=\"uvc-heading-spacer no_spacer\" style=\"top\"><\/div><div class=\"uvc-sub-heading ult-responsive\"  data-ultimate-target='.uvc-heading.ultimate-heading-100169f7164eda1b4 .uvc-sub-heading '  data-responsive-json-new='{\"font-size\":\"desktop:18px;\",\"line-height\":\"desktop:18px;\"}'  style=\"font-family:&#039;Montserrat&#039;;font-weight:700;\"><\/p>\n<p class=\"sd-text-bg-white\">FAQ<\/p>\n<p><\/div><\/div><div class=\"ult-spacer spacer-69f7164eda20b\" data-id=\"69f7164eda20b\" data-height=\"110\" data-height-mobile=\"50\" data-height-tab=\"\" data-height-tab-portrait=\"\" data-height-mobile-landscape=\"\" style=\"clear:both;display:block;\"><\/div><\/div><\/div><\/div><\/div><\/div><\/div><!-- Row Backgrounds --><div class=\"upb_bg_img\" data-ultimate-bg=\"url(https:\/\/ajan.africa\/wp-content\/uploads\/edd\/2021\/07\/cel-for-sammy.jpg)\" data-image-id=\"id^9035|url^http:\/\/ajan.africa\/wp-content\/uploads\/edd\/2021\/07\/cel-for-sammy.jpg|caption^null|alt^null|title^cel-for-sammy|description^null\" data-ultimate-bg-style=\"vcpb-default\" data-bg-img-repeat=\"no-repeat\" data-bg-img-size=\"cover\" data-bg-img-position=\"\" data-parallx_sense=\"30\" data-bg-override=\"0\" data-bg_img_attach=\"scroll\" data-upb-overlay-color=\"\" data-upb-bg-animation=\"\" data-fadeout=\"\" data-bg-animation=\"left-animation\" data-bg-animation-type=\"h\" data-animation-repeat=\"repeat\" data-fadeout-percentage=\"30\" data-parallax-content=\"\" data-parallax-content-sense=\"30\" data-row-effect-mobile-disable=\"true\" data-img-parallax-mobile-disable=\"true\" data-rtl=\"false\"  data-custom-vc-row=\"\"  data-vc=\"6.6.0\"  data-is_old_vc=\"\"  data-theme-support=\"\"   data-overlay=\"false\" data-overlay-color=\"\" data-overlay-pattern=\"\" data-overlay-pattern-opacity=\"\" data-overlay-pattern-size=\"\"    ><\/div><div class=\"vc_row wpb_row vc_row-fluid\"><div class=\"container\"><div class=\"sd-centered-wrapper\"><div class=\"wpb_column vc_column_container vc_col-sm-12\"><div class=\"vc_column-inner\"><div class=\"wpb_wrapper\"><div class=\"ult-spacer spacer-69f7164edc396\" data-id=\"69f7164edc396\" data-height=\"70\" data-height-mobile=\"70\" data-height-tab=\"70\" data-height-tab-portrait=\"\" data-height-mobile-landscape=\"\" style=\"clear:both;display:block;\"><\/div><div id=\"ultimate-heading-890669f7164edc4aa\" class=\"uvc-heading ult-adjust-bottom-margin ultimate-heading-890669f7164edc4aa uvc-7505\" data-hspacer=\"no_spacer\"  data-halign=\"left\" style=\"text-align:left\"><div class=\"uvc-heading-spacer no_spacer\" style=\"top\"><\/div><div class=\"uvc-main-heading ult-responsive\"  data-ultimate-target='.uvc-heading.ultimate-heading-890669f7164edc4aa h3'  data-responsive-json-new='{\"font-size\":\"desktop:24px;\",\"line-height\":\"\"}' ><h3 style=\"font-family:&#039;Montserrat&#039;;font-weight:700;margin-bottom:15px;\">QUESTIONS FR\u00c9QUEMMENT POS\u00c9ES<\/h3><\/div><div class=\"uvc-sub-heading ult-responsive\"  data-ultimate-target='.uvc-heading.ultimate-heading-890669f7164edc4aa .uvc-sub-heading '  data-responsive-json-new='{\"font-size\":\"desktop:21px;\",\"line-height\":\"desktop:30px;\"}'  style=\"font-family:&#039;Karla&#039;;font-weight:normal;color:#f96310;margin-bottom:40px;\">Tout ce que vous devez savoir sur AJAN.<\/div><\/div><div id=\"ultimate-heading-12869f7164edc533\" class=\"uvc-heading ult-adjust-bottom-margin ultimate-heading-12869f7164edc533 uvc-7236\" data-hspacer=\"line_only\"  data-halign=\"left\" style=\"text-align:left\"><div class=\"uvc-main-heading ult-responsive\"  data-ultimate-target='.uvc-heading.ultimate-heading-12869f7164edc533 h3'  data-responsive-json-new='{\"font-size\":\"desktop:24px;\",\"line-height\":\"\"}' ><h3 style=\"font-family:&#039;Montserrat&#039;;font-weight:700;color:#f96310;margin-bottom:15px;\">QUESTIONS G\u00c9N\u00c9RALES<\/h3><\/div><div class=\"uvc-heading-spacer line_only\" style=\"margin-bottom:30px;height:3px;\"><span class=\"uvc-headings-line\" style=\"border-style:solid;border-bottom-width:3px;border-color:#f1f4f8;width:autopx;\"><\/span><\/div><\/div><div id=\"1438297456498-18747d9c-d908\" class=\"vc_toggle vc_toggle_square vc_toggle_color_mulled_wine  vc_toggle_size_sm\"><div class=\"vc_toggle_title\"><h4>O EST LE SIEGE D'AJAN ?<\/h4><i class=\"vc_toggle_icon\"><\/i><\/div><div class=\"vc_toggle_content\"><p>Le secr\u00e9tariat d'AJAN se trouve \u00e0 AFRICAMA House le long de Dagoretti 260, Karen, Nairobi, Kenya.<\/p>\n<\/div><\/div><div  class=\"vc_toggle vc_toggle_square vc_toggle_color_mulled_wine  vc_toggle_size_sm\"><div class=\"vc_toggle_title\"><h4>QUI COMPREND LE R\u00c9SEAU AJAN ?<\/h4><i class=\"vc_toggle_icon\"><\/i><\/div><div class=\"vc_toggle_content\"><p>Centre Sociaux Loyola (Togo), Service Yezu Mwiza (Burundi), Centre d\u2019Information, d\u2019Education et d\u2019Ecoute du Catholic Universitaire (Central Africa Republic), Chikuni Home Based Care (Zambia), Association Les Benevoles De L\u2019esperance-ABE (Burkina Faso), Centre Maisha (Democratic Republic of Congo), St. Aloysius Gonzaga (Kenya), St. Joseph\u2019s Development Project- Kangemi (Kenya), Ocer Campion Jesuit College (Gulu-Uganda), Integral Youth Development -IYD (Zimbabwe), Foyer Louis de Gonzague-Kikiwit Democratic Republic of Congo), Jesuit Urumuri Centre (Rwanda), St. Teresa\u2019s Reconciliation Parish (South Sudan), Airport Parish- Dodoma (Tanzania), Centre d\u2019 Recherche, d\u2019Education et Communication -CREC (Benin), Holy Family Parish (Liberia), Fe Y Alegria (Guinea- Conakry), and Centre Social Arrupe (Madagascar).<\/p>\n<\/div><\/div><div id=\"1438299012813-eebd3445-d442\" class=\"vc_toggle vc_toggle_square vc_toggle_color_mulled_wine  vc_toggle_size_sm\"><div class=\"vc_toggle_title\"><h4>QUEL EST LE TRAVAIL D'AJAN ?<\/h4><i class=\"vc_toggle_icon\"><\/i><\/div><div class=\"vc_toggle_content\"><ol>\n<li>\u00a0Aidez les j\u00e9suites dans chaque pays africain o\u00f9 il y a une pr\u00e9sence \u00e0 r\u00e9pondre au VIH et au SIDA en r\u00e9unissant les personnes impliqu\u00e9es dans un groupe de travail\/groupe de travail.<\/li>\n<li>Liez ces groupes de travail nationaux \u00e0 pas \u00e0 pas dans un r\u00e9seau j\u00e9suite continental efficace avec sa propre voix et sa capacit\u00e9 \u00e0 agir de mani\u00e8re coordonn\u00e9e.<\/li>\n<li>D\u00e9velopper de bonnes relations de coop\u00e9ration avec de nombreux autres groupes et associations, et avec une plus grande \u00c9glise et Compagnie de J\u00e9sus, des relations bas\u00e9es sur le partage d'informations, d'expertise et de ressources financi\u00e8res<\/li>\n<\/ol>\n<\/div><\/div><div id=\"1438299262910-1548dcf9-b08b\" class=\"vc_toggle vc_toggle_square vc_toggle_color_mulled_wine  vc_toggle_size_sm\"><div class=\"vc_toggle_title\"><h4>QUELLE EST LA SIGNIFICATION DE AHAPPY ? <\/h4><i class=\"vc_toggle_icon\"><\/i><\/div><div class=\"vc_toggle_content\"><p>AHAPPY signifie AJAN HIV &amp; AIDS Prevention Program for Youth.<\/p>\n<\/div><\/div><div  class=\"vc_toggle vc_toggle_square vc_toggle_color_mulled_wine  vc_toggle_size_sm\"><div class=\"vc_toggle_title\"><h4>QUI EST LE GROUPE CIBLE POUR AHAPPY ? <\/h4><i class=\"vc_toggle_icon\"><\/i><\/div><div class=\"vc_toggle_content\"><p>Jeunes de 10 \u00e0 24 ans. Cependant, le programme de Formation de Formateurs est offert aux enseignants, cat\u00e9chistes et autres \u00e9ducateurs pairs pour habiliter les centres\/paroisses \u00e0 soutenir ce projet au-del\u00e0 de ce que le secr\u00e9tariat d'AJAN initie.<\/p>\n<\/div><\/div><div id=\"ultimate-heading-438069f7164ee7561\" class=\"uvc-heading ult-adjust-bottom-margin ultimate-heading-438069f7164ee7561 uvc-8255\" data-hspacer=\"line_only\"  data-halign=\"left\" style=\"text-align:left\"><div class=\"uvc-main-heading ult-responsive\"  data-ultimate-target='.uvc-heading.ultimate-heading-438069f7164ee7561 h3'  data-responsive-json-new='{\"font-size\":\"desktop:24px;\",\"line-height\":\"\"}' ><h3 style=\"font-family:&#039;Montserrat&#039;;font-weight:700;color:#f96310;margin-top:50px;margin-bottom:15px;\">QUESTIONS DES B\u00c9N\u00c9VOLES<\/h3><\/div><div class=\"uvc-heading-spacer line_only\" style=\"margin-bottom:30px;height:3px;\"><span class=\"uvc-headings-line\" style=\"border-style:solid;border-bottom-width:3px;border-color:#f1f4f8;width:autopx;\"><\/span><\/div><\/div><div  class=\"vc_toggle vc_toggle_square vc_toggle_color_mulled_wine  vc_toggle_size_sm\"><div class=\"vc_toggle_title\"><h4>COMMENT DEVENIR B\u00c9N\u00c9VOLE CHEZ AJAN ?<\/h4><i class=\"vc_toggle_icon\"><\/i><\/div><div class=\"vc_toggle_content\"><p>Le programme AHAPPY d'AJAN (Programme de pr\u00e9vention du VIH et du sida d'AJAN pour les jeunes) qui cible les jeunes, propose deux options\u00a0: -<\/p>\n<ol>\n<li>Vous pouvez suivre un cours de formation de formateurs et devenir un agent contre le VIH et la stigmatisation qui y est associ\u00e9e et un influenceur social positif dans leur communaut\u00e9.<\/li>\n<li>Vous pouvez suivre une formation de formateurs et devenir formateur dans votre institution ou communaut\u00e9.<\/li>\n<\/ol>\n<p><span style=\"color: #f96310;\"><\/p>\n<\/div><\/div><div id=\"ultimate-heading-707869f7164ee8922\" class=\"uvc-heading ult-adjust-bottom-margin ultimate-heading-707869f7164ee8922 uvc-7654\" data-hspacer=\"line_only\"  data-halign=\"left\" style=\"text-align:left\"><div class=\"uvc-main-heading ult-responsive\"  data-ultimate-target='.uvc-heading.ultimate-heading-707869f7164ee8922 h3'  data-responsive-json-new='{\"font-size\":\"desktop:24px;\",\"line-height\":\"\"}' ><h3 style=\"font-family:&#039;Montserrat&#039;;font-weight:700;color:#f96310;margin-top:50px;margin-bottom:15px;\">QUESTIONS SUR LES DONS<\/h3><\/div><div class=\"uvc-heading-spacer line_only\" style=\"margin-bottom:30px;height:3px;\"><span class=\"uvc-headings-line\" style=\"border-style:solid;border-bottom-width:3px;border-color:#f1f4f8;width:autopx;\"><\/span><\/div><\/div><div id=\"1438299320951-e7887e7f-4a5d\" class=\"vc_toggle vc_toggle_square vc_toggle_color_mulled_wine  vc_toggle_size_sm\"><div class=\"vc_toggle_title\"><h4>COMMENT PUIS-JE FAIRE UN DON DE RESSOURCES POUR AM\u00c9LIORER LE TRAVAIL D'AJAN ? <\/h4><i class=\"vc_toggle_icon\"><\/i><\/div><div class=\"vc_toggle_content\"><p>Cliquez sur le bouton pour faire votre don.<\/span><\/p>\n<p><button id=\"ubtn-6567\" class=\"ubtn ult-adjust-bottom-margin ult-responsive ubtn-custom ubtn-fade-bg none ubtn-right tooltip-61091a21e95cd\" style=\"margin-top: 20px; font-family: 'Montserrat'; font-weight: bold; width: 190px; min-height: 45px; padding: px px; border-radius: 3px; background: #f96310; color: #ffffff; border: 2px solid #f96310;\" type=\"button\" data-hover=\"#f96310\" data-border-color=\"#f96310\" data-bg=\"#f96310\" data-hover-bg=\"#ffffff\" data-border-hover=\"#f96310\" data-shadow-hover=\"\" data-shadow-click=\"none\" data-shadow=\"\" data-shd-shadow=\"\" data-ultimate-target=\"#ubtn-6567\" data-responsive-json-new=\"{&quot;font-size&quot;:&quot;desktop:13px;&quot;,&quot;line-height&quot;:&quot;&quot;}\"><span class=\"ubtn-data ubtn-text\">FAIRE UN DON MAINTENANT<\/span><\/button><\/p>\n<\/div><\/div><div class=\"ult-spacer spacer-69f7164ee9ca2\" data-id=\"69f7164ee9ca2\" data-height=\"70\" data-height-mobile=\"70\" data-height-tab=\"70\" data-height-tab-portrait=\"\" data-height-mobile-landscape=\"\" style=\"clear:both;display:block;\"><\/div><\/div><\/div><\/div><\/div><\/div><\/div>","protected":false},"excerpt":{"rendered":"<p><a class=\"sd-more sd-all-trans\" href=\"https:\/\/ajan.africa\/fr\/faqs\/#more-345\">Lire la suite<\/a><\/p>","protected":false},"author":155,"featured_media":0,"parent":0,"menu_order":0,"comment_status":"closed","ping_status":"open","template":"full-width-page.php","meta":{"om_disable_all_campaigns":false,"_monsterinsights_skip_tracking":false,"_monsterinsights_sitenote_active":false,"_monsterinsights_sitenote_note":"","_monsterinsights_sitenote_category":0,"footnotes":""},"class_list":["post-345","page","type-page","status-publish","hentry"],"aioseo_notices":[],"_links":{"self":[{"href":"https:\/\/ajan.africa\/fr\/wp-json\/wp\/v2\/pages\/345","targetHints":{"allow":["GET"]}}],"collection":[{"href":"https:\/\/ajan.africa\/fr\/wp-json\/wp\/v2\/pages"}],"about":[{"href":"https:\/\/ajan.africa\/fr\/wp-json\/wp\/v2\/types\/page"}],"author":[{"embeddable":true,"href":"https:\/\/ajan.africa\/fr\/wp-json\/wp\/v2\/users\/155"}],"replies":[{"embeddable":true,"href":"https:\/\/ajan.africa\/fr\/wp-json\/wp\/v2\/comments?post=345"}],"version-history":[{"count":0,"href":"https:\/\/ajan.africa\/fr\/wp-json\/wp\/v2\/pages\/345\/revisions"}],"wp:attachment":[{"href":"https:\/\/ajan.africa\/fr\/wp-json\/wp\/v2\/media?parent=345"}],"curies":[{"name":"wp","href":"https:\/\/api.w.org\/{rel}","templated":true}]}}