{"id":355,"date":"2015-07-31T00:11:10","date_gmt":"2015-07-31T00:11:10","guid":{"rendered":"http:\/\/helpinghands.skat.tf\/?page_id=355"},"modified":"2023-05-19T08:21:46","modified_gmt":"2023-05-19T08:21:46","slug":"contact-us","status":"publish","type":"page","link":"https:\/\/ajan.africa\/fr\/contact-us\/","title":{"rendered":"NOUS CONTACTER"},"content":{"rendered":"<div class=\"vc_row wpb_row vc_row-fluid\"><div class=\"container\"><div class=\"sd-centered-wrapper\"><div class=\"wpb_column vc_column_container vc_col-sm-12\"><div class=\"vc_column-inner\"><div class=\"wpb_wrapper\"><div class=\"ult-spacer spacer-69e76c19a65ea\" data-id=\"69e76c19a65ea\" data-height=\"110\" data-height-mobile=\"50\" data-height-tab=\"\" data-height-tab-portrait=\"\" data-height-mobile-landscape=\"\" style=\"clear:both;display:block;\"><\/div><div id=\"ultimate-heading-791769e76c19a663e\" class=\"uvc-heading ult-adjust-bottom-margin ultimate-heading-791769e76c19a663e uvc-3236\" data-hspacer=\"no_spacer\"  data-halign=\"left\" style=\"text-align:left\"><div class=\"uvc-heading-spacer no_spacer\" style=\"top\"><\/div><div class=\"uvc-sub-heading ult-responsive\"  data-ultimate-target='.uvc-heading.ultimate-heading-791769e76c19a663e .uvc-sub-heading '  data-responsive-json-new='{\"font-size\":\"desktop:18px;\",\"line-height\":\"desktop:18px;\"}'  style=\"font-family:&#039;Montserrat&#039;;font-weight:700;\"><\/p>\n<p class=\"sd-text-bg-white\">NOUS CONTACTER<\/p>\n<p><\/div><\/div><div class=\"ult-spacer spacer-69e76c19a6699\" data-id=\"69e76c19a6699\" data-height=\"110\" data-height-mobile=\"50\" data-height-tab=\"\" data-height-tab-portrait=\"\" data-height-mobile-landscape=\"\" style=\"clear:both;display:block;\"><\/div><\/div><\/div><\/div><\/div><\/div><\/div><!-- Row Backgrounds --><div class=\"upb_bg_img\" data-ultimate-bg=\"url(https:\/\/ajan.africa\/wp-content\/uploads\/edd\/2021\/07\/cel-for-sammy.jpg)\" data-image-id=\"id^9035|url^http:\/\/ajan.africa\/wp-content\/uploads\/edd\/2021\/07\/cel-for-sammy.jpg|caption^null|alt^null|title^cel-for-sammy|description^null\" data-ultimate-bg-style=\"vcpb-default\" data-bg-img-repeat=\"no-repeat\" data-bg-img-size=\"cover\" data-bg-img-position=\"\" data-parallx_sense=\"30\" data-bg-override=\"0\" data-bg_img_attach=\"scroll\" data-upb-overlay-color=\"\" data-upb-bg-animation=\"\" data-fadeout=\"\" data-bg-animation=\"left-animation\" data-bg-animation-type=\"h\" data-animation-repeat=\"repeat\" data-fadeout-percentage=\"30\" data-parallax-content=\"\" data-parallax-content-sense=\"30\" data-row-effect-mobile-disable=\"true\" data-img-parallax-mobile-disable=\"true\" data-rtl=\"false\"  data-custom-vc-row=\"\"  data-vc=\"6.6.0\"  data-is_old_vc=\"\"  data-theme-support=\"\"   data-overlay=\"false\" data-overlay-color=\"\" data-overlay-pattern=\"\" data-overlay-pattern-opacity=\"\" data-overlay-pattern-size=\"\"    ><\/div><div class=\"vc_row wpb_row vc_row-fluid\"><div class=\"container\"><div class=\"sd-centered-wrapper\"><div class=\"wpb_column vc_column_container vc_col-sm-12\"><div class=\"vc_column-inner\"><div class=\"wpb_wrapper\"><div class=\"ult-spacer spacer-69e76c19a84d5\" data-id=\"69e76c19a84d5\" data-height=\"70\" data-height-mobile=\"70\" data-height-tab=\"70\" data-height-tab-portrait=\"\" data-height-mobile-landscape=\"\" style=\"clear:both;display:block;\"><\/div><div class=\"vc_row wpb_row vc_inner vc_row-fluid\"><div class=\"wpb_column vc_column_container vc_col-sm-8\"><div class=\"vc_column-inner\"><div class=\"wpb_wrapper\"><div id=\"ultimate-heading-269e76c19a89f9\" class=\"uvc-heading ult-adjust-bottom-margin ultimate-heading-269e76c19a89f9 uvc-8602\" data-hspacer=\"no_spacer\"  data-halign=\"left\" style=\"text-align:left\"><div class=\"uvc-heading-spacer no_spacer\" style=\"top\"><\/div><div class=\"uvc-main-heading ult-responsive\"  data-ultimate-target='.uvc-heading.ultimate-heading-269e76c19a89f9 h3'  data-responsive-json-new='{\"font-size\":\"desktop:24px;\",\"line-height\":\"desktop:30px;\"}' ><h3 style=\"font-family:&#039;Alegreya&#039;;font-weight:700;margin-bottom:15px;\">VOUS AVEZ UNE ID\u00c9E POUR VOUS AIDER ? - NOUS CONTACTER<\/h3><\/div><div class=\"uvc-sub-heading ult-responsive\"  data-ultimate-target='.uvc-heading.ultimate-heading-269e76c19a89f9 .uvc-sub-heading '  data-responsive-json-new='{\"font-size\":\"desktop:21px;\",\"line-height\":\"desktop:30px;\"}'  style=\"font-family:&#039;Roboto Condensed&#039;;font-weight:normal;color:#29af8a;margin-bottom:25px;\"><span style=\"color: #f96310;\">Nous sommes situ\u00e9s \u00e0 Nairobi, Karen \u00e0 AFRICAMA House, le long de Dagoretti 260. Bienvenue sur African Jesuits AIDS Network<\/span><\/div><\/div>\n<div class=\"wpcf7 no-js\" id=\"wpcf7-f357-o1\" lang=\"en-US\" dir=\"ltr\" data-wpcf7-id=\"357\">\n<div class=\"screen-reader-response\"><p role=\"status\" aria-live=\"polite\" aria-atomic=\"true\"><\/p> <ul><\/ul><\/div>\n<form action=\"\/fr\/wp-json\/wp\/v2\/pages\/355#wpcf7-f357-o1\" method=\"post\" class=\"wpcf7-form init\" aria-label=\"Contact form\" novalidate=\"novalidate\" data-status=\"init\" data-trp-original-action=\"\/fr\/wp-json\/wp\/v2\/pages\/355#wpcf7-f357-o1\">\n<fieldset class=\"hidden-fields-container\"><input type=\"hidden\" name=\"_wpcf7\" value=\"357\" \/><input type=\"hidden\" name=\"_wpcf7_version\" value=\"6.1.5\" \/><input type=\"hidden\" name=\"_wpcf7_locale\" value=\"en_US\" \/><input type=\"hidden\" name=\"_wpcf7_unit_tag\" value=\"wpcf7-f357-o1\" \/><input type=\"hidden\" name=\"_wpcf7_container_post\" value=\"0\" \/><input type=\"hidden\" name=\"_wpcf7_posted_data_hash\" value=\"\" \/>\n<\/fieldset>\n<span class=\"wpcf7-form-control-wrap\" data-name=\"your-name\"><input size=\"40\" maxlength=\"400\" class=\"wpcf7-form-control wpcf7-text wpcf7-validates-as-required\" aria-required=\"true\" aria-invalid=\"false\" placeholder=\"Nom\" value=\"\" type=\"text\" name=\"your-name\" \/><\/span> \n\n<span class=\"wpcf7-form-control-wrap\" data-name=\"your-email\"><input size=\"40\" maxlength=\"400\" class=\"wpcf7-form-control wpcf7-email wpcf7-validates-as-required wpcf7-text wpcf7-validates-as-email\" aria-required=\"true\" aria-invalid=\"false\" placeholder=\"E-mail\" value=\"\" type=\"email\" name=\"your-email\" \/><\/span> \n\n<span class=\"wpcf7-form-control-wrap\" data-name=\"your-message\"><textarea cols=\"40\" rows=\"10\" maxlength=\"2000\" class=\"wpcf7-form-control wpcf7-textarea\" aria-invalid=\"false\" placeholder=\"Un message\" name=\"your-message\"><\/textarea><\/span> \n\n<span class=\"wpcf7-form-control-wrap\" data-name=\"captcha-897\"><input size=\"40\" class=\"wpcf7-form-control wpcf7-captchar\" autocomplete=\"off\" aria-invalid=\"false\" placeholder=\"Captcha\" value=\"\" type=\"text\" name=\"captcha-897\" \/><\/span>\n\n<input type=\"hidden\" name=\"_wpcf7_captcha_challenge_captcha-897\" value=\"1675698757\" \/><img decoding=\"async\" class=\"wpcf7-form-control wpcf7-captchac wpcf7-captcha-captcha-897\" width=\"60\" height=\"20\" alt=\"captcha\" src=\"https:\/\/ajan.africa\/wp-content\/uploads\/wpcf7_captcha\/1675698757.png\" \/>\n\n<input class=\"wpcf7-form-control wpcf7-submit has-spinner\" type=\"submit\" value=\"Soumettre\" \/><div class=\"wpcf7-response-output\" aria-hidden=\"true\"><\/div>\n<input type=\"hidden\" name=\"trp-form-language\" value=\"fr\"\/><\/form>\n<\/div>\n<\/div><\/div><\/div><div class=\"wpb_column vc_column_container vc_col-sm-4\"><div class=\"vc_column-inner\"><div class=\"wpb_wrapper\"><div class=\"ult-content-box-container\" >\t\t<div class=\"ult-content-box\" style=\"background-color:#f1f5fa;box-shadow: px px px px rgb(247, 247, 247) none;padding:30px;margin-bottom:20px;-webkit-transition: all 700ms ease;-moz-transition: all 700ms ease;-ms-transition: all 700ms ease;-o-transition: all 700ms ease;transition: all 700ms ease;\"  data-hover_box_shadow=\"none\"    data-normal_margins=\"margin-bottom:20px;\"   data-bg=\"#f1f5fa\" ><div id=\"ultimate-heading-878969e76c19b1547\" class=\"uvc-heading ult-adjust-bottom-margin ultimate-heading-878969e76c19b1547 uvc-7464\" data-hspacer=\"no_spacer\"  data-halign=\"left\" style=\"text-align:left\"><div class=\"uvc-heading-spacer no_spacer\" style=\"top\"><\/div><div class=\"uvc-main-heading ult-responsive\"  data-ultimate-target='.uvc-heading.ultimate-heading-878969e76c19b1547 h3'  data-responsive-json-new='{\"font-size\":\"desktop:24px;\",\"line-height\":\"desktop:30px;\"}' ><h3 style=\"font-family:&#039;Alegreya&#039;;font-weight:700;margin-bottom:15px;\">NAIROBI KENYA<\/h3><\/div><div class=\"uvc-sub-heading ult-responsive\"  data-ultimate-target='.uvc-heading.ultimate-heading-878969e76c19b1547 .uvc-sub-heading '  data-responsive-json-new='{\"font-size\":\"desktop:14px;\",\"line-height\":\"desktop:30px;\"}'  style=\"font-family:&#039;Roboto Condensed&#039;;font-weight:700;\"><span style=\"color: #435061;\"><br \/>\nRESEAU JESUITE AFRICAIN SUR LE SIDA<br \/>\nMAISON AFRICAINE<br \/>\n260, DAGORETTI RD<br \/>\nP. O. 1540 KAREN 00502<br \/>\nNAIROBI, KENYA<\/span><\/p>\n<p>&nbsp;<\/p>\n<p>T\u00c9L. +254-203-884-528<\/p>\n<p>MOBILE. +254-728-961-072<\/p>\n<p>E-MAIL. AJAN@JESUITS.AFRICA<\/p>\n<p><a href=\"https:\/\/ajan.africa\/fr\/faq\/\"><span style=\"text-decoration: underline;\"><span style=\"color: #f96310; text-decoration: underline;\">BESOIN D'AIDE? AVOIR DES QUESTIONS?<\/span><\/span><\/a><br \/>\n<a href=\"https:\/\/ajan.africa\/fr\/faq\/\"><span style=\"text-decoration: underline;\"> <span style=\"color: #f96310; text-decoration: underline;\"> CONSULTEZ NOTRE CENTRE D'AIDE.<\/span><\/span><\/a><\/div><\/div>\t\t<\/div><\/div><\/div><\/div><\/div><\/div><div class=\"ult-spacer spacer-69e76c19b1619\" data-id=\"69e76c19b1619\" data-height=\"70\" data-height-mobile=\"70\" data-height-tab=\"70\" data-height-tab-portrait=\"\" data-height-mobile-landscape=\"\" style=\"clear:both;display:block;\"><\/div><\/div><\/div><\/div><\/div><\/div><\/div>","protected":false},"excerpt":{"rendered":"<p><a class=\"sd-more sd-all-trans\" href=\"https:\/\/ajan.africa\/fr\/contact-us\/#more-355\">Lire la suite<\/a><\/p>","protected":false},"author":155,"featured_media":0,"parent":0,"menu_order":0,"comment_status":"open","ping_status":"open","template":"full-width-page.php","meta":{"om_disable_all_campaigns":false,"_monsterinsights_skip_tracking":false,"_monsterinsights_sitenote_active":false,"_monsterinsights_sitenote_note":"","_monsterinsights_sitenote_category":0,"footnotes":""},"class_list":["post-355","page","type-page","status-publish","hentry"],"aioseo_notices":[],"_links":{"self":[{"href":"https:\/\/ajan.africa\/fr\/wp-json\/wp\/v2\/pages\/355","targetHints":{"allow":["GET"]}}],"collection":[{"href":"https:\/\/ajan.africa\/fr\/wp-json\/wp\/v2\/pages"}],"about":[{"href":"https:\/\/ajan.africa\/fr\/wp-json\/wp\/v2\/types\/page"}],"author":[{"embeddable":true,"href":"https:\/\/ajan.africa\/fr\/wp-json\/wp\/v2\/users\/155"}],"replies":[{"embeddable":true,"href":"https:\/\/ajan.africa\/fr\/wp-json\/wp\/v2\/comments?post=355"}],"version-history":[{"count":0,"href":"https:\/\/ajan.africa\/fr\/wp-json\/wp\/v2\/pages\/355\/revisions"}],"wp:attachment":[{"href":"https:\/\/ajan.africa\/fr\/wp-json\/wp\/v2\/media?parent=355"}],"curies":[{"name":"wp","href":"https:\/\/api.w.org\/{rel}","templated":true}]}}