{"id":65,"date":"2015-07-28T17:54:43","date_gmt":"2015-07-28T17:54:43","guid":{"rendered":"http:\/\/helpinghands.skat.tf\/?page_id=65"},"modified":"2023-05-19T08:44:51","modified_gmt":"2023-05-19T08:44:51","slug":"our-causes","status":"publish","type":"page","link":"https:\/\/ajan.africa\/fr\/our-causes\/","title":{"rendered":"NOS CAUSES"},"content":{"rendered":"<div class=\"vc_row wpb_row vc_row-fluid vc_custom_1631002541698 vc_row-has-fill\"><div class=\"container\"><div class=\"sd-centered-wrapper\"><div class=\"wpb_column vc_column_container vc_col-sm-12\"><div class=\"vc_column-inner\"><div class=\"wpb_wrapper\"><div class=\"ult-spacer spacer-69dc3a1e591ff\" data-id=\"69dc3a1e591ff\" data-height=\"110\" data-height-mobile=\"50\" data-height-tab=\"\" data-height-tab-portrait=\"\" data-height-mobile-landscape=\"\" style=\"clear:both;display:block;\"><\/div><div id=\"ultimate-heading-557869dc3a1e5924d\" class=\"uvc-heading ult-adjust-bottom-margin ultimate-heading-557869dc3a1e5924d uvc-5356\" data-hspacer=\"no_spacer\"  data-halign=\"left\" style=\"text-align:left\"><div class=\"uvc-heading-spacer no_spacer\" style=\"top\"><\/div><div class=\"uvc-sub-heading ult-responsive\"  data-ultimate-target='.uvc-heading.ultimate-heading-557869dc3a1e5924d .uvc-sub-heading '  data-responsive-json-new='{\"font-size\":\"desktop:18px;\",\"line-height\":\"desktop:18px;\"}'  style=\"font-family:&#039;Montserrat&#039;;font-weight:700;\"><\/p>\n<p class=\"sd-text-bg-white\">NOS CAUSES<\/p>\n<p><\/div><\/div><div class=\"ult-spacer spacer-69dc3a1e592a2\" data-id=\"69dc3a1e592a2\" data-height=\"110\" data-height-mobile=\"50\" data-height-tab=\"\" data-height-tab-portrait=\"\" data-height-mobile-landscape=\"\" style=\"clear:both;display:block;\"><\/div><\/div><\/div><\/div><\/div><\/div><\/div><!-- Row Backgrounds --><div class=\"upb_bg_img\" data-ultimate-bg=\"url(https:\/\/ajan.africa\/wp-content\/uploads\/edd\/2021\/07\/cel-for-sammy.jpg)\" data-image-id=\"id^9035|url^http:\/\/ajan.africa\/wp-content\/uploads\/edd\/2021\/07\/cel-for-sammy.jpg|caption^null|alt^null|title^cel-for-sammy|description^null\" data-ultimate-bg-style=\"vcpb-default\" data-bg-img-repeat=\"no-repeat\" data-bg-img-size=\"cover\" data-bg-img-position=\"\" data-parallx_sense=\"30\" data-bg-override=\"0\" data-bg_img_attach=\"scroll\" data-upb-overlay-color=\"\" data-upb-bg-animation=\"\" data-fadeout=\"\" data-bg-animation=\"left-animation\" data-bg-animation-type=\"h\" data-animation-repeat=\"repeat\" data-fadeout-percentage=\"30\" data-parallax-content=\"\" data-parallax-content-sense=\"30\" data-row-effect-mobile-disable=\"true\" data-img-parallax-mobile-disable=\"true\" data-rtl=\"false\"  data-custom-vc-row=\"\"  data-vc=\"6.6.0\"  data-is_old_vc=\"\"  data-theme-support=\"\"   data-overlay=\"false\" data-overlay-color=\"\" data-overlay-pattern=\"\" data-overlay-pattern-opacity=\"\" data-overlay-pattern-size=\"\"    ><\/div><div class=\"vc_row wpb_row vc_row-fluid\"><div class=\"container\"><div class=\"sd-centered-wrapper\"><div class=\"wpb_column vc_column_container vc_col-sm-12\"><div class=\"vc_column-inner\"><div class=\"wpb_wrapper\"><div class=\"ult-spacer spacer-69dc3a1e5b4f4\" data-id=\"69dc3a1e5b4f4\" data-height=\"40\" data-height-mobile=\"40\" data-height-tab=\"40\" data-height-tab-portrait=\"\" data-height-mobile-landscape=\"\" style=\"clear:both;display:block;\"><\/div><div id=\"ultimate-heading-370669dc3a1e5b548\" class=\"uvc-heading ult-adjust-bottom-margin ultimate-heading-370669dc3a1e5b548 uvc-3780\" data-hspacer=\"no_spacer\"  data-halign=\"center\" style=\"text-align:center\"><div class=\"uvc-heading-spacer no_spacer\" style=\"top\"><\/div><div class=\"uvc-sub-heading ult-responsive\"  data-ultimate-target='.uvc-heading.ultimate-heading-370669dc3a1e5b548 .uvc-sub-heading '  data-responsive-json-new='{\"font-size\":\"desktop:18px;\",\"line-height\":\"desktop:12px;\"}'  style=\"font-family:&#039;Alegreya&#039;;font-weight:700;color:#ffffff;margin-bottom:20px;\"><\/p>\n<p class=\"sd-text-background\">COMMENT VOUS POUVEZ AIDER<\/p>\n<p><\/div><\/div><div id=\"ultimate-heading-888569dc3a1e5b5ae\" class=\"uvc-heading ult-adjust-bottom-margin ultimate-heading-888569dc3a1e5b5ae uvc-6891\" data-hspacer=\"no_spacer\"  data-halign=\"center\" style=\"text-align:center\"><div class=\"uvc-heading-spacer no_spacer\" style=\"top\"><\/div><div class=\"uvc-sub-heading ult-responsive\"  data-ultimate-target='.uvc-heading.ultimate-heading-888569dc3a1e5b5ae .uvc-sub-heading '  data-responsive-json-new='{\"font-size\":\"desktop:24px;\",\"line-height\":\"desktop:36px;\"}'  style=\"font-family:&#039;Montserrat&#039;;font-weight:700;color:#435061;margin-bottom:20px;\">NOUS AVONS BESOIN DE VOTRE AIDE POUR AIDER LES AUTRES, VOIR NOS CAUSES<\/div><\/div>\t\t<div class=\"sd-campaign-listing\">\n\t\t\t\t\t\t\t\t\t\t\t\t\t<div class=\"sd-campaign-filters\">\n\t\t\t\t\t\t\t<ul>\n\t\t\t\t\t\t\t\t<li>\n\t\t\t\t\t\t\t\t\t<a href=\"#\" data-filter=\"*\" class=\"sd-active sd-link-trans\">All<\/a>\n\t\t\t\t\t\t\t\t<\/li>\n\t\t\t\t\t\t\t\t\t\t\t\t\t\t\t\t\t\t\t\t\t\t\t\t\t\t\t<li>\n\t\t\t\t\t\t\t\t\t\t\t<a href=\"#\" data-filter=\".EDUCATIONANDSPONSORSHIP\" class=\"sd-link-trans\">\u00c9DUCATION ET PARRAINAGE<\/a>\n\t\t\t\t\t\t\t\t\t\t<\/li>\n\t\t\t\t\t\t\t\t\t\t\n\t\t\t\t\t\t\t\t\t\t\t\t\t\t\t\t\t\t\t\t\t\t\t\t\t\t\t\t\t\t\t\t\t\t\t\t<li>\n\t\t\t\t\t\t\t\t\t\t\t<a href=\"#\" data-filter=\".MEDICALTREATMENT\" class=\"sd-link-trans\">TRAITEMENT M\u00c9DICAL<\/a>\n\t\t\t\t\t\t\t\t\t\t<\/li>\n\t\t\t\t\t\t\t\t\t\t\n\t\t\t\t\t\t\t\t\t\t\t\t\t\t\t\t\t\t\t\t\t\t\t\t\t\t\t\t\t\t\t\t\t\t\t\t<li>\n\t\t\t\t\t\t\t\t\t\t\t<a href=\"#\" data-filter=\".PSYCHOSOCIALSUPPORT\" class=\"sd-link-trans\">SOUTIEN PSYCHOSOCIAL<\/a>\n\t\t\t\t\t\t\t\t\t\t<\/li>\n\t\t\t\t\t\t\t\t\t\t\n\t\t\t\t\t\t\t\t\t\t\t\t\t\t\t\t\t\t\t\t\t\t\t\t\t\t\t\t\t\t\t\t\t\t\t\t<li>\n\t\t\t\t\t\t\t\t\t\t\t<a href=\"#\" data-filter=\".SUPPORTINTEGRALHUMANDEVELOPMENT\" class=\"sd-link-trans\">SOUTENIR LE D\u00c9VELOPPEMENT HUMAIN INT\u00c9GR\u00c9<\/a>\n\t\t\t\t\t\t\t\t\t\t<\/li>\n\t\t\t\t\t\t\t\t\t\t\n\t\t\t\t\t\t\t\t\t\t\t\t\t\t\t\t\t\t\t\t\t\t\t\t<\/ul>\n\t\t\t\t\t\t<\/div>\n\t\t\t\t\t\t<!-- sd-campaign-filters -->\n\t\t\t\t\t\t\t\t\t\t\t\t\t\n\t\t\t\t<div class=\"row\">\n\t\t\t\t\t<div class=\"sd-listing-content\">\t\t\n\t\t\t\t\t\t\t\t\t\t\t\t\t\t\t\t\t\t\t\t\t<div class=\"col-md-4 col-sm-4 sd-listing-item EDUCATIONANDSPONSORSHIP\">\n\t\t\t\t\t\t\t\t\t<div class=\"sd-campaign-carousel-item\">\n\t\t\t<div class=\"sd-campaign-thumb\">\n\t\t\t<figure>\n\t\t\t\t<a href=\"https:\/\/ajan.africa\/fr\/campaigns\/give-education-to-children\/\" title=\"ORPHELINS ET ENFANTS VULN\u00c9RABLES\"><img fetchpriority=\"high\" decoding=\"async\" width=\"366\" height=\"220\" src=\"https:\/\/ajan.africa\/wp-content\/uploads\/edd\/2021\/07\/1a.Orphans-and-Vulnerable-Children-1024x683-1-366x220.jpg\" class=\"attachment-sd-campaign-grid size-sd-campaign-grid wp-post-image\" alt=\"\" \/><\/a>\n\t\t\t<\/figure>\n\t\t\t\t\t\t\t<div class=\"sd-campaign-thumb-overlay sd-opacity-trans\">\n\t\t\t\t\t<div class=\"sd-donate-button-wrapper\">\n\t\t\t\t\t\t\t\t\t\t\t\t\t<a class=\"sd-custom-url-donate sd-opacity-trans\" href=\"https:\/\/www.paypal.com\/donate?hosted_button_id=4PM9MDXRXF382\" title=\"FAIRE UN DON MAINTENANT\">FAIRE UN DON MAINTENANT<\/a>\n\t\t\t\t\t\t\t\t\t\t\t<\/div>\n\t\t\t\t\t<!-- sd-donate-button-wrapper -->\n\t\t\t\t<\/div>\n\t\t\t\t<!-- sd-campaign-thumb-overlay -->\n\t\t\t\t\t<\/div>\n\t\t<!-- sd-campaign-thumb -->\n\t\t<div class=\"sd-carousel-item-content clearfix\">\n\t\t<h3><a href=\"https:\/\/ajan.africa\/fr\/campaigns\/give-education-to-children\/\" title=\"ORPHELINS ET ENFANTS VULN\u00c9RABLES\">ORPHELINS ET ENFANTS VULN\u00c9RABLES<\/a><\/h3>\n\t\t<p>Selon l'UNICEF, les enfants \u00e2g\u00e9s de 0 \u00e0 4 ans sont confront\u00e9s au risque le plus \u00e9lev\u00e9 de d\u00e9c\u00e8s li\u00e9s au sida, par rapport \u00e0 tous les autres groupes d'\u00e2ge.<\/p>\n\t\t\t\t\t<\/div>\n\t<!-- sd-carousel-item-content -->\n<\/div>\n<!-- sd-campaign-carousel-item -->\n\t\t\t\t\t\t\t\t<\/div>\n\t\t\t\t\t\t\t\t<!-- col-md-4 -->\n\t\t\t\t\t\t\t\t\t\t\t\t\t\t\t\t\t\t\t\t\t\t\t\t\t\t\t\t\t\t\t\t\t\t\t\t\t<div class=\"col-md-4 col-sm-4 sd-listing-item EDUCATIONANDSPONSORSHIP MEDICALTREATMENT PSYCHOSOCIALSUPPORT\">\n\t\t\t\t\t\t\t\t\t<div class=\"sd-campaign-carousel-item\">\n\t\t\t<div class=\"sd-campaign-thumb\">\n\t\t\t<figure>\n\t\t\t\t<a href=\"https:\/\/ajan.africa\/fr\/campaigns\/shape-a-future\/\" title=\"FORMER UN AVENIR\"><img decoding=\"async\" width=\"366\" height=\"220\" src=\"https:\/\/ajan.africa\/wp-content\/uploads\/edd\/2021\/07\/annes9-366x220.jpg\" class=\"attachment-sd-campaign-grid size-sd-campaign-grid wp-post-image\" alt=\"\" \/><\/a>\n\t\t\t<\/figure>\n\t\t\t\t\t\t\t<div class=\"sd-campaign-thumb-overlay sd-opacity-trans\">\n\t\t\t\t\t<div class=\"sd-donate-button-wrapper\">\n\t\t\t\t\t\t\t\t\t\t\t\t\t<a class=\"sd-custom-url-donate sd-opacity-trans\" href=\"https:\/\/www.paypal.com\/donate?hosted_button_id=4PM9MDXRXF382\" title=\"FAIRE UN DON MAINTENANT\">FAIRE UN DON MAINTENANT<\/a>\n\t\t\t\t\t\t\t\t\t\t\t<\/div>\n\t\t\t\t\t<!-- sd-donate-button-wrapper -->\n\t\t\t\t<\/div>\n\t\t\t\t<!-- sd-campaign-thumb-overlay -->\n\t\t\t\t\t<\/div>\n\t\t<!-- sd-campaign-thumb -->\n\t\t<div class=\"sd-carousel-item-content clearfix\">\n\t\t<h3><a href=\"https:\/\/ajan.africa\/fr\/campaigns\/shape-a-future\/\" title=\"FORMER UN AVENIR\">FORMER UN AVENIR<\/a><\/h3>\n\t\t<p>AHAPPY, s'effor\u00e7ant de responsabiliser les jeunes.<\/p>\n\t\t\t\t\t<\/div>\n\t<!-- sd-carousel-item-content -->\n<\/div>\n<!-- sd-campaign-carousel-item -->\n\t\t\t\t\t\t\t\t<\/div>\n\t\t\t\t\t\t\t\t<!-- col-md-4 -->\n\t\t\t\t\t\t\t\t\t\t\t\t\t\t\t\t\t\t\t\t\t\t\t\t\t\t\t\t\t\t\t\t\t\t\t\t\t<div class=\"col-md-4 col-sm-4 sd-listing-item SUPPORTINTEGRALHUMANDEVELOPMENT\">\n\t\t\t\t\t\t\t\t\t<div class=\"sd-campaign-carousel-item\">\n\t\t\t<div class=\"sd-campaign-thumb\">\n\t\t\t<figure>\n\t\t\t\t<a href=\"https:\/\/ajan.africa\/fr\/campaigns\/support-integral-human-development\/\" title=\"SOUTENIR LE D\u00c9VELOPPEMENT HUMAIN INT\u00c9GR\u00c9\"><img decoding=\"async\" width=\"366\" height=\"220\" src=\"https:\/\/ajan.africa\/wp-content\/uploads\/edd\/2021\/07\/Kenyadzl_zl_7023-1024x701-1-366x220.jpg\" class=\"attachment-sd-campaign-grid size-sd-campaign-grid wp-post-image\" alt=\"\" \/><\/a>\n\t\t\t<\/figure>\n\t\t\t\t\t\t\t<div class=\"sd-campaign-thumb-overlay sd-opacity-trans\">\n\t\t\t\t\t<div class=\"sd-donate-button-wrapper\">\n\t\t\t\t\t\t\t\t\t\t\t\t\t<a class=\"sd-custom-url-donate sd-opacity-trans\" href=\"https:\/\/www.paypal.com\/donate?hosted_button_id=4PM9MDXRXF382\" title=\"FAIRE UN DON MAINTENANT\">FAIRE UN DON MAINTENANT<\/a>\n\t\t\t\t\t\t\t\t\t\t\t<\/div>\n\t\t\t\t\t<!-- sd-donate-button-wrapper -->\n\t\t\t\t<\/div>\n\t\t\t\t<!-- sd-campaign-thumb-overlay -->\n\t\t\t\t\t<\/div>\n\t\t<!-- sd-campaign-thumb -->\n\t\t<div class=\"sd-carousel-item-content clearfix\">\n\t\t<h3><a href=\"https:\/\/ajan.africa\/fr\/campaigns\/support-integral-human-development\/\" title=\"SOUTENIR LE D\u00c9VELOPPEMENT HUMAIN INT\u00c9GR\u00c9\">SOUTENIR LE D\u00c9VELOPPEMENT HUMAIN INT\u00c9GR\u00c9<\/a><\/h3>\n\t\t<p>Collaborez avec nous pour montrer de l'amour et prendre soin des personnes infect\u00e9es et affect\u00e9es par le VIH et le SIDA en Afrique.<\/p>\n\t\t\t\t\t<\/div>\n\t<!-- sd-carousel-item-content -->\n<\/div>\n<!-- sd-campaign-carousel-item -->\n\t\t\t\t\t\t\t\t<\/div>\n\t\t\t\t\t\t\t\t<!-- col-md-4 -->\n\t\t\t\t\t\t\t\t<div class=\"clearfix\"><\/div>\t\t\t\t\t\t\t\t\t\t\t\t\t\t\t\t\t\t\t\t\t\t\t\t\t\t\t\t\t<div class=\"col-md-4 col-sm-4 sd-listing-item SUPPORTINTEGRALHUMANDEVELOPMENT\">\n\t\t\t\t\t\t\t\t\t<div class=\"sd-campaign-carousel-item\">\n\t\t\t<div class=\"sd-campaign-thumb\">\n\t\t\t<figure>\n\t\t\t\t<a href=\"https:\/\/ajan.africa\/fr\/campaigns\/education-and-sponsorship\/\" title=\"\u00c9DUCATION ET PARRAINAGE\"><img loading=\"lazy\" decoding=\"async\" width=\"366\" height=\"220\" src=\"https:\/\/ajan.africa\/wp-content\/uploads\/edd\/2021\/07\/olm7-1024x768-1-366x220.jpeg\" class=\"attachment-sd-campaign-grid size-sd-campaign-grid wp-post-image\" alt=\"\" \/><\/a>\n\t\t\t<\/figure>\n\t\t\t\t\t\t\t<div class=\"sd-campaign-thumb-overlay sd-opacity-trans\">\n\t\t\t\t\t<div class=\"sd-donate-button-wrapper\">\n\t\t\t\t\t\t\t\t\t\t\t\t\t<a class=\"sd-custom-url-donate sd-opacity-trans\" href=\"https:\/\/www.paypal.com\/donate?hosted_button_id=4PM9MDXRXF382\" title=\"FAIRE UN DON MAINTENANT\">FAIRE UN DON MAINTENANT<\/a>\n\t\t\t\t\t\t\t\t\t\t\t<\/div>\n\t\t\t\t\t<!-- sd-donate-button-wrapper -->\n\t\t\t\t<\/div>\n\t\t\t\t<!-- sd-campaign-thumb-overlay -->\n\t\t\t\t\t<\/div>\n\t\t<!-- sd-campaign-thumb -->\n\t\t<div class=\"sd-carousel-item-content clearfix\">\n\t\t<h3><a href=\"https:\/\/ajan.africa\/fr\/campaigns\/education-and-sponsorship\/\" title=\"\u00c9DUCATION ET PARRAINAGE\">\u00c9DUCATION ET PARRAINAGE<\/a><\/h3>\n\t\t\u00c9DUCATION ET PARRAINAGE Certains centres AJAN offrent des possibilit\u00e9s de formation pour les jeunes sans emploi, les orphelins, les chefs de\t\t\t\t\t<\/div>\n\t<!-- sd-carousel-item-content -->\n<\/div>\n<!-- sd-campaign-carousel-item -->\n\t\t\t\t\t\t\t\t<\/div>\n\t\t\t\t\t\t\t\t<!-- col-md-4 -->\n\t\t\t\t\t\t\t\t\t\t\t\t\t\t\t\t<div class=\"clearfix visible-sm\"><\/div>\t\t\t\t\t\t\t\t\t\t\t\t\t\t\t\t\t\t\t\t\t<div class=\"col-md-4 col-sm-4 sd-listing-item MEDICALTREATMENT\">\n\t\t\t\t\t\t\t\t\t<div class=\"sd-campaign-carousel-item\">\n\t\t\t<div class=\"sd-campaign-thumb\">\n\t\t\t<figure>\n\t\t\t\t<a href=\"https:\/\/ajan.africa\/fr\/campaigns\/medical-treatment\/\" title=\"TRAITEMENT M\u00c9DICAL\"><img loading=\"lazy\" decoding=\"async\" width=\"366\" height=\"220\" src=\"https:\/\/ajan.africa\/wp-content\/uploads\/edd\/2021\/07\/Magis-visit-570x465-1-366x220.jpg\" class=\"attachment-sd-campaign-grid size-sd-campaign-grid wp-post-image\" alt=\"\" \/><\/a>\n\t\t\t<\/figure>\n\t\t\t\t\t\t\t<div class=\"sd-campaign-thumb-overlay sd-opacity-trans\">\n\t\t\t\t\t<div class=\"sd-donate-button-wrapper\">\n\t\t\t\t\t\t\t\t\t\t\t\t\t<a class=\"sd-custom-url-donate sd-opacity-trans\" href=\"https:\/\/www.paypal.com\/donate?hosted_button_id=4PM9MDXRXF382\" title=\"FAIRE UN DON MAINTENANT\">FAIRE UN DON MAINTENANT<\/a>\n\t\t\t\t\t\t\t\t\t\t\t<\/div>\n\t\t\t\t\t<!-- sd-donate-button-wrapper -->\n\t\t\t\t<\/div>\n\t\t\t\t<!-- sd-campaign-thumb-overlay -->\n\t\t\t\t\t<\/div>\n\t\t<!-- sd-campaign-thumb -->\n\t\t<div class=\"sd-carousel-item-content clearfix\">\n\t\t<h3><a href=\"https:\/\/ajan.africa\/fr\/campaigns\/medical-treatment\/\" title=\"TRAITEMENT M\u00c9DICAL\">TRAITEMENT M\u00c9DICAL<\/a><\/h3>\n\t\tTRAITEMENT M\u00c9DICAL Certains centres AJAN s'efforcent de fournir des m\u00e9dicaments aux groupes vuln\u00e9rables, notamment les PVVIH, les l\u00e9preux,\t\t\t\t\t<\/div>\n\t<!-- sd-carousel-item-content -->\n<\/div>\n<!-- sd-campaign-carousel-item -->\n\t\t\t\t\t\t\t\t<\/div>\n\t\t\t\t\t\t\t\t<!-- col-md-4 -->\n\t\t\t\t\t\t\t\t\t\t\t\t\t\t\t\t\t\t\t\t\t\t\t\t\t\t\t\t\t\t\t\t\t\t\t\t\t<div class=\"col-md-4 col-sm-4 sd-listing-item PSYCHOSOCIALSUPPORT\">\n\t\t\t\t\t\t\t\t\t<div class=\"sd-campaign-carousel-item\">\n\t\t\t<div class=\"sd-campaign-thumb\">\n\t\t\t<figure>\n\t\t\t\t<a href=\"https:\/\/ajan.africa\/fr\/campaigns\/psychosocial-support\/\" title=\"SOUTIEN PSYCHOSOCIAL\"><img loading=\"lazy\" decoding=\"async\" width=\"366\" height=\"220\" src=\"https:\/\/ajan.africa\/wp-content\/uploads\/edd\/2021\/07\/Padre-1155x570-1-366x220.jpg\" class=\"attachment-sd-campaign-grid size-sd-campaign-grid wp-post-image\" alt=\"\" \/><\/a>\n\t\t\t<\/figure>\n\t\t\t\t\t\t\t<div class=\"sd-campaign-thumb-overlay sd-opacity-trans\">\n\t\t\t\t\t<div class=\"sd-donate-button-wrapper\">\n\t\t\t\t\t\t\t\t\t\t\t\t\t<a class=\"sd-custom-url-donate sd-opacity-trans\" href=\"https:\/\/www.paypal.com\/donate?hosted_button_id=4PM9MDXRXF382\" title=\"FAIRE UN DON MAINTENANT\">FAIRE UN DON MAINTENANT<\/a>\n\t\t\t\t\t\t\t\t\t\t\t<\/div>\n\t\t\t\t\t<!-- sd-donate-button-wrapper -->\n\t\t\t\t<\/div>\n\t\t\t\t<!-- sd-campaign-thumb-overlay -->\n\t\t\t\t\t<\/div>\n\t\t<!-- sd-campaign-thumb -->\n\t\t<div class=\"sd-carousel-item-content clearfix\">\n\t\t<h3><a href=\"https:\/\/ajan.africa\/fr\/campaigns\/psychosocial-support\/\" title=\"SOUTIEN PSYCHOSOCIAL\">SOUTIEN PSYCHOSOCIAL<\/a><\/h3>\n\t\tSOUTIEN PSYCHOSOCIAL Afin de faire des gens des survivants actifs d'\u00e9v\u00e9nements malheureux qui ont\t\t\t\t\t<\/div>\n\t<!-- sd-carousel-item-content -->\n<\/div>\n<!-- sd-campaign-carousel-item -->\n\t\t\t\t\t\t\t\t<\/div>\n\t\t\t\t\t\t\t\t<!-- col-md-4 -->\n\t\t\t\t\t\t\t\t<div class=\"clearfix\"><\/div>\t\t\t\t\t\t\t\t\t\t\t\t\t\t\t\t\t\t\t\t\t\t\t\t\t\t\t\t\t<div class=\"col-md-4 col-sm-4 sd-listing-item PSYCHOSOCIALSUPPORT\">\n\t\t\t\t\t\t\t\t\t<div class=\"sd-campaign-carousel-item\">\n\t\t\t<div class=\"sd-campaign-thumb\">\n\t\t\t<figure>\n\t\t\t\t<a href=\"https:\/\/ajan.africa\/fr\/campaigns\/income-generating-activities\/\" title=\"ACTIVIT\u00c9S g\u00e9n\u00e9ratrices de revenus\"><img loading=\"lazy\" decoding=\"async\" width=\"366\" height=\"220\" src=\"https:\/\/ajan.africa\/wp-content\/uploads\/edd\/2021\/07\/Vaccine-366x220.jpg\" class=\"attachment-sd-campaign-grid size-sd-campaign-grid wp-post-image\" alt=\"\" \/><\/a>\n\t\t\t<\/figure>\n\t\t\t\t\t\t\t<div class=\"sd-campaign-thumb-overlay sd-opacity-trans\">\n\t\t\t\t\t<div class=\"sd-donate-button-wrapper\">\n\t\t\t\t\t\t\t\t\t\t\t\t\t<a class=\"sd-custom-url-donate sd-opacity-trans\" href=\"https:\/\/www.paypal.com\/donate?hosted_button_id=4PM9MDXRXF382\" title=\"FAIRE UN DON MAINTENANT\">FAIRE UN DON MAINTENANT<\/a>\n\t\t\t\t\t\t\t\t\t\t\t<\/div>\n\t\t\t\t\t<!-- sd-donate-button-wrapper -->\n\t\t\t\t<\/div>\n\t\t\t\t<!-- sd-campaign-thumb-overlay -->\n\t\t\t\t\t<\/div>\n\t\t<!-- sd-campaign-thumb -->\n\t\t<div class=\"sd-carousel-item-content clearfix\">\n\t\t<h3><a href=\"https:\/\/ajan.africa\/fr\/campaigns\/income-generating-activities\/\" title=\"ACTIVIT\u00c9S g\u00e9n\u00e9ratrices de revenus\">ACTIVIT\u00c9S g\u00e9n\u00e9ratrices de revenus<\/a><\/h3>\n\t\tACTIVIT\u00c9S G\u00c9N\u00c9RATRICES DE REVENUS De nombreux centres AJAN ont cr\u00e9\u00e9 des activit\u00e9s qui permettent aux groupes vuln\u00e9rables d'Africains\t\t\t\t\t<\/div>\n\t<!-- sd-carousel-item-content -->\n<\/div>\n<!-- sd-campaign-carousel-item -->\n\t\t\t\t\t\t\t\t<\/div>\n\t\t\t\t\t\t\t\t<!-- col-md-4 -->\n\t\t\t\t\t\t\t\t\t\t\t\t\t\t\t\t\t\t\t\t\t\t\t\n\t\t\t\t\t<\/div>\n\t\t\t\t\t<!-- sd-listing-content -->\n\t\t\t\t<\/div>\n\t\t\t\t<!-- row -->\n\t\t\t<\/div>\n\t\t\t<!-- sd-campaign-listing -->\n\t\t<\/div><\/div><\/div><\/div><\/div><\/div><div class=\"vc_row wpb_row vc_row-fluid\"><div class=\"container\"><div class=\"sd-centered-wrapper\"><div class=\"wpb_column vc_column_container vc_col-sm-4\"><div class=\"vc_column-inner\"><div class=\"wpb_wrapper\"><\/div><\/div><\/div><div class=\"wpb_column vc_column_container vc_col-sm-4 vc_col-has-fill\"><div class=\"vc_column-inner vc_custom_1438107708888\"><div class=\"wpb_wrapper\"><div id=\"ultimate-heading-671569dc3a1e851b1\" class=\"uvc-heading ult-adjust-bottom-margin ultimate-heading-671569dc3a1e851b1 uvc-9130\" data-hspacer=\"no_spacer\"  data-halign=\"center\" style=\"text-align:center\"><div class=\"uvc-heading-spacer no_spacer\" style=\"top\"><\/div><div class=\"uvc-sub-heading ult-responsive\"  data-ultimate-target='.uvc-heading.ultimate-heading-671569dc3a1e851b1 .uvc-sub-heading '  data-responsive-json-new='{\"font-size\":\"desktop:18px;\",\"line-height\":\"desktop:12px;\"}'  style=\"font-family:&#039;Alegreya&#039;;font-weight:700;color:#ffffff;margin-bottom:20px;\"><\/p>\n<p class=\"sd-text-background\">POUR DE BON<\/p>\n<p><\/div><\/div><div id=\"ultimate-heading-663069dc3a1e85211\" class=\"uvc-heading ult-adjust-bottom-margin ultimate-heading-663069dc3a1e85211 uvc-7544\" data-hspacer=\"no_spacer\"  data-halign=\"center\" style=\"text-align:center\"><div class=\"uvc-heading-spacer no_spacer\" style=\"top\"><\/div><div class=\"uvc-sub-heading ult-responsive\"  data-ultimate-target='.uvc-heading.ultimate-heading-663069dc3a1e85211 .uvc-sub-heading '  data-responsive-json-new='{\"font-size\":\"desktop:24px;\",\"line-height\":\"desktop:36px;\"}'  style=\"font-family:&#039;Montserrat&#039;;font-weight:700;color:#435061;margin-bottom:20px;\">DEVENEZ B\u00c9N\u00c9VOLE<\/div><\/div>\n\t<div class=\"wpb_text_column wpb_content_element\" >\n\t\t<div class=\"wpb_wrapper\">\n\t\t\t<p style=\"text-align: center;\">Les \u00e9tudiants et les conf\u00e9renciers peuvent suivre la formation du programme de pr\u00e9vention du VIH et du sida d'AJAN pour devenir b\u00e9n\u00e9voles.<\/p>\n\n\t\t<\/div>\n\t<\/div>\n<div class=\"ubtn-ctn-center\"><a class=\"ubtn-link ult-adjust-bottom-margin ubtn-center ubtn-normal\" href=\"https:\/\/ajan.africa\/fr\/volunteers\/\" title=\"Rejoignez nous maintenant\" ><button type=\"button\" id=\"ubtn-3966\"  class=\"ubtn ult-adjust-bottom-margin ult-responsive ubtn-normal ubtn-fade-bg  none  ubtn-center   tooltip-69dc3a1e853de\"  data-hover=\"#f96310\" data-border-color=\"\" data-bg=\"#f96310\" data-hover-bg=\"#ffffff\" data-border-hover=\"#f96310\" data-shadow-hover=\"\" data-shadow-click=\"none\" data-shadow=\"\" data-shd-shadow=\"\"  data-ultimate-target='#ubtn-3966'  data-responsive-json-new='{\"font-size\":\"desktop:13px;\",\"line-height\":\"\"}'  style=\"font-family:&#039;Montserrat&#039;;font-weight:700;border-radius:5px;border-width:2px;border-color:;border-style:solid;background: #f96310;color: #ffffff;\"><span class=\"ubtn-hover\" style=\"background-color:#ffffff\"><\/span><span class=\"ubtn-data ubtn-text\" >REJOIGNEZ NOUS MAINTENANT<\/span><\/button><\/a><\/div><\/div><\/div><\/div><div class=\"wpb_column vc_column_container vc_col-sm-4\"><div class=\"vc_column-inner\"><div class=\"wpb_wrapper\"><\/div><\/div><\/div><\/div><\/div><\/div><!-- Row Backgrounds --><div class=\"upb_bg_img\" data-ultimate-bg=\"url(https:\/\/ajan.africa\/wp-content\/uploads\/2021\/07\/Elizabethweb.jpg)\" data-image-id=\"id^9178|url^http:\/\/ajan.africa\/wp-content\/uploads\/2021\/07\/Elizabethweb.jpg|caption^null|alt^null|title^Elizabethweb|description^null\" data-ultimate-bg-style=\"vcpb-default\" data-bg-img-repeat=\"no-repeat\" data-bg-img-size=\"cover\" data-bg-img-position=\"\" data-parallx_sense=\"30\" data-bg-override=\"0\" data-bg_img_attach=\"scroll\" data-upb-overlay-color=\"\" data-upb-bg-animation=\"\" data-fadeout=\"\" data-bg-animation=\"left-animation\" data-bg-animation-type=\"h\" data-animation-repeat=\"repeat\" data-fadeout-percentage=\"30\" data-parallax-content=\"\" data-parallax-content-sense=\"30\" data-row-effect-mobile-disable=\"true\" data-img-parallax-mobile-disable=\"true\" data-rtl=\"false\"  data-custom-vc-row=\"\"  data-vc=\"6.6.0\"  data-is_old_vc=\"\"  data-theme-support=\"\"   data-overlay=\"false\" data-overlay-color=\"\" data-overlay-pattern=\"\" data-overlay-pattern-opacity=\"\" data-overlay-pattern-size=\"\"    ><\/div>","protected":false},"excerpt":{"rendered":"ACTIVIT\u00c9S G\u00c9N\u00c9RATRICES DE REVENUS De nombreux centres AJAN ont cr\u00e9\u00e9 des activit\u00e9s qui permettent aux groupes vuln\u00e9rables d'Africains","protected":false},"author":155,"featured_media":0,"parent":0,"menu_order":0,"comment_status":"closed","ping_status":"open","template":"full-width-page.php","meta":{"om_disable_all_campaigns":false,"_monsterinsights_skip_tracking":false,"_monsterinsights_sitenote_active":false,"_monsterinsights_sitenote_note":"","_monsterinsights_sitenote_category":0,"footnotes":""},"class_list":["post-65","page","type-page","status-publish","hentry"],"aioseo_notices":[],"_links":{"self":[{"href":"https:\/\/ajan.africa\/fr\/wp-json\/wp\/v2\/pages\/65","targetHints":{"allow":["GET"]}}],"collection":[{"href":"https:\/\/ajan.africa\/fr\/wp-json\/wp\/v2\/pages"}],"about":[{"href":"https:\/\/ajan.africa\/fr\/wp-json\/wp\/v2\/types\/page"}],"author":[{"embeddable":true,"href":"https:\/\/ajan.africa\/fr\/wp-json\/wp\/v2\/users\/155"}],"replies":[{"embeddable":true,"href":"https:\/\/ajan.africa\/fr\/wp-json\/wp\/v2\/comments?post=65"}],"version-history":[{"count":0,"href":"https:\/\/ajan.africa\/fr\/wp-json\/wp\/v2\/pages\/65\/revisions"}],"wp:attachment":[{"href":"https:\/\/ajan.africa\/fr\/wp-json\/wp\/v2\/media?parent=65"}],"curies":[{"name":"wp","href":"https:\/\/api.w.org\/{rel}","templated":true}]}}