{"id":11842,"date":"2022-12-07T14:18:16","date_gmt":"2022-12-07T14:18:16","guid":{"rendered":"https:\/\/ajan.africa\/?page_id=11842"},"modified":"2023-05-19T08:26:44","modified_gmt":"2023-05-19T08:26:44","slug":"ahappy-training-activities","status":"publish","type":"page","link":"https:\/\/ajan.africa\/pt\/ahappy-training-activities\/","title":{"rendered":"AHAPPY Training Activities"},"content":{"rendered":"<div class='fluentform ff-default fluentform_wrapper_3 ffs_default_wrap'><form data-form_id=\"3\" id=\"fluentform_3\" class=\"frm-fluent-form fluent_form_3 ff-el-form-top ff_form_instance_3_1 ff-form-loading ffs_default\" data-form_instance=\"ff_form_instance_3_1\" method=\"POST\" ><fieldset  style=\"border: none!important;margin: 0!important;padding: 0!important;background-color: transparent!important;box-shadow: none!important;outline: none!important; min-inline-size: 100%;\">\n                    <legend class=\"ff_screen_reader_title\" style=\"display: block; margin: 0!important;padding: 0!important;height: 0!important;text-indent: -999999px;width: 0!important;overflow:hidden;\">AHAPPY TRAINING ACTIVITIES<\/legend><input type='hidden' name='__fluent_form_embded_post_id' value='11842' \/><input type=\"hidden\" id=\"_fluentform_3_fluentformnonce\" name=\"_fluentform_3_fluentformnonce\" value=\"51ebe02b8f\" \/><input type=\"hidden\" name=\"_wp_http_referer\" value=\"\/pt\/wp-json\/wp\/v2\/pages\/11842\" \/><div class='ff-el-group'><div class=\"ff-el-input--label asterisk-right\"><label for='ff_3_numeric-field' id='label_ff_3_numeric-field' aria-label=\"ID\">ID<\/label><\/div><div class='ff-el-input--content'><input type=\"number\" name=\"numeric-field\" id=\"ff_3_numeric-field\" class=\"ff-el-form-control\" data-name=\"numeric-field\" inputmode=\"numeric\" step=\"any\"  aria-invalid=\"false\" aria-required=false><\/div><\/div><div data-type=\"name-element\" data-name=\"names\" class=\" ff-field_container ff-name-field-wrapper\" ><div class='ff-t-container'><div class='ff-t-cell '><div class='ff-el-group  ff-el-form-top'><div class=\"ff-el-input--label ff-el-is-required asterisk-right\"><label for='ff_3_names_first_name_' id='label_ff_3_names_first_name_' >First Name<\/label><\/div><div class='ff-el-input--content'><input type=\"text\" name=\"names[first_name]\" id=\"ff_3_names_first_name_\" class=\"ff-el-form-control\" placeholder=\"First Name\" aria-invalid=\"false\" aria-required=true><\/div><\/div><\/div><div class='ff-t-cell '><div class='ff-el-group  ff-el-form-top'><div class=\"ff-el-input--label asterisk-right\"><label for='ff_3_names_middle_name_' id='label_ff_3_names_middle_name_' >Middle Name<\/label><\/div><div class='ff-el-input--content'><input type=\"text\" name=\"names[middle_name]\" id=\"ff_3_names_middle_name_\" class=\"ff-el-form-control\" placeholder=\"Middle Name\" aria-invalid=\"false\" aria-required=false><\/div><\/div><\/div><div class='ff-t-cell '><div class='ff-el-group  ff-el-form-top'><div class=\"ff-el-input--label ff-el-is-required asterisk-right\"><label for='ff_3_names_last_name_' id='label_ff_3_names_last_name_' >Last Name<\/label><\/div><div class='ff-el-input--content'><input type=\"text\" name=\"names[last_name]\" id=\"ff_3_names_last_name_\" class=\"ff-el-form-control\" placeholder=\"Last Name\" aria-invalid=\"false\" aria-required=true><\/div><\/div><\/div><\/div><\/div><div class='ff-el-group'><div class=\"ff-el-input--label asterisk-right\"><label for='ff_3_numeric-field_1' id='label_ff_3_numeric-field_1' aria-label=\"Phone\">Phone<\/label><\/div><div class='ff-el-input--content'><input type=\"number\" name=\"numeric-field_1\" id=\"ff_3_numeric-field_1\" class=\"ff-el-form-control\" data-name=\"numeric-field_1\" inputmode=\"numeric\" step=\"any\"  aria-invalid=\"false\" aria-required=false><\/div><\/div><div class='ff-el-group'><div class=\"ff-el-input--label asterisk-right\"><label for='ff_3_email' id='label_ff_3_email' aria-label=\"Email\">Email<\/label><\/div><div class='ff-el-input--content'><input type=\"email\" name=\"email\" id=\"ff_3_email\" class=\"ff-el-form-control\" placeholder=\"Email Address\" data-name=\"email\"  aria-invalid=\"false\" aria-required=false><\/div><\/div><div class='ff-el-group'><div class=\"ff-el-input--label ff-el-is-required asterisk-right\"><label   aria-label=\"Age\">Age<\/label><\/div><div class='ff-el-input--content'><div class='ff-el-form-check ff-el-form-check-'><label class='ff-el-form-check-label' for='checkbox_21c1a68d71b808fc8a5a38fbde4e01b7'><input  type=\"checkbox\" name=\"checkbox[]\" data-name=\"checkbox\" class=\"ff-el-form-check-input ff-el-form-check-checkbox\" value=\"14 - 18\"  id='checkbox_21c1a68d71b808fc8a5a38fbde4e01b7' aria-label='14 - 18' aria-invalid='false' aria-required=true> <span>14 - 18<\/span><\/label><\/div><div class='ff-el-form-check ff-el-form-check-'><label class='ff-el-form-check-label' for='checkbox_ae54b53004580eab6ecad044c89b5795'><input  type=\"checkbox\" name=\"checkbox[]\" data-name=\"checkbox\" class=\"ff-el-form-check-input ff-el-form-check-checkbox\" value=\"Above 18\"  id='checkbox_ae54b53004580eab6ecad044c89b5795' aria-label='Above 18' aria-invalid='false' aria-required=true> <span>Above 18<\/span><\/label><\/div><\/div><\/div><div class='ff-el-group'><div class=\"ff-el-input--label asterisk-right\"><label for='ff_3_description' id='label_ff_3_description' aria-label=\"Testimonial\">Testimonial <\/label><\/div><div class='ff-el-input--content'><textarea aria-required=\"false\" aria-labelledby=\"label_ff_3_description\" name=\"description\" id=\"ff_3_description\" class=\"ff-el-form-control\" rows=\"3\" cols=\"2\" data-name=\"description\" ><\/textarea><\/div><\/div><div class='ff-el-group'><div class=\"ff-el-input--label ff-el-is-required asterisk-right\"><label for='ff_3_country-list' id='label_ff_3_country-list' aria-label=\"Country\">Country<\/label><\/div><div class='ff-el-input--content'><select name=\"country-list\" id=\"ff_3_country-list\" class=\"ff-el-form-control\" placeholder=\"Select Country\" data-name=\"country-list\" aria-invalid='false' aria-required=true><option value=''>Select Country<\/option><option value='AF' >Afeganist\u00e3o<\/option><option value='AL' >Alb\u00e2nia<\/option><option value='DE' >Alemanha<\/option><option value='AD' >Andorra<\/option><option value='AO' >Angola<\/option><option value='AI' >Anguilla<\/option><option value='AQ' >Ant\u00e1rtida<\/option><option value='AG' >Ant\u00edgua e Barbuda<\/option><option value='AR' >Argentina<\/option><option value='DZ' >Arg\u00e9lia<\/option><option value='AM' >Arm\u00eania<\/option><option value='AW' >Aruba<\/option><option value='SA' >Ar\u00e1bia Saudita<\/option><option value='AU' >Austr\u00e1lia<\/option><option value='AZ' >Azerbaij\u00e3o<\/option><option value='BS' >Bahamas<\/option><option value='BH' >Bahrein<\/option><option value='BD' >Bangladesh<\/option><option value='BB' >Barbados<\/option><option value='BZ' >Belize<\/option><option value='BJ' >Benim<\/option><option value='BM' >Bermudas<\/option><option value='BY' >Bielorr\u00fassia<\/option><option value='BO' >Bol\u00edvia<\/option><option value='BQ' >Bonaire, Santo Eust\u00e1quio e Saba<\/option><option value='BW' >Botsuana<\/option><option value='BR' >Brasil<\/option><option value='BN' >Brunei<\/option><option value='BG' >Bulg\u00e1ria<\/option><option value='BF' >Burkina Faso<\/option><option value='BI' >Burundi<\/option><option value='BT' >But\u00e3o<\/option><option value='BE' >B\u00e9lgica<\/option><option value='BA' >B\u00f3snia e Herzegovina<\/option><option value='CV' >Cabo Verde<\/option><option value='CM' >Camar\u00f5es<\/option><option value='KH' >Camboja<\/option><option value='CA' >Canad\u00e1<\/option><option value='QA' >Catar<\/option><option value='KZ' >Cazaquist\u00e3o<\/option><option value='TD' >Chade<\/option><option value='CL' >Chile<\/option><option value='CN' >China<\/option><option value='CY' >Chipre<\/option><option value='SG' >Cingapura<\/option><option value='CO' >Col\u00f4mbia<\/option><option value='KM' >Comores<\/option><option value='KP' >Coreia do Norte<\/option><option value='KR' >Coreia do Sul<\/option><option value='CR' >Costa Rica<\/option><option value='CI' >Costa do Marfim<\/option><option value='HR' >Cro\u00e1cia<\/option><option value='CU' >Cuba<\/option><option value='CW' >Cura\u00e7ao<\/option><option value='DK' >Dinamarca<\/option><option value='DJ' >Djibuti<\/option><option value='DM' >Dominica<\/option><option value='EG' >Egito<\/option><option value='SV' >El Salvador<\/option><option value='AE' >Emirados \u00c1rabes Unidos<\/option><option value='EC' >Equador<\/option><option value='ER' >Eritreia<\/option><option value='SK' >Eslov\u00e1quia<\/option><option value='SI' >Eslov\u00eania<\/option><option value='ES' >Espanha<\/option><option value='US' >Estados Unidos (EUA)<\/option><option value='EE' >Est\u00f4nia<\/option><option value='SZ' >Eswatini<\/option><option value='ET' >Eti\u00f3pia<\/option><option value='FJ' >Fiji<\/option><option value='PH' >Filipinas<\/option><option value='FI' >Finl\u00e2ndia<\/option><option value='FR' >Fran\u00e7a<\/option><option value='GA' >Gab\u00e3o<\/option><option value='GH' >Gana<\/option><option value='GE' >Ge\u00f3rgia<\/option><option value='GS' >Ge\u00f3rgia do Sul\/Ilhas Sandwich<\/option><option value='GI' >Gibraltar<\/option><option value='GD' >Granada<\/option><option value='GL' >Groenl\u00e2ndia<\/option><option value='GR' >Gr\u00e9cia<\/option><option value='GP' >Guadalupe<\/option><option value='GU' >Guam<\/option><option value='GT' >Guatemala<\/option><option value='GG' >Guernsey<\/option><option value='GY' >Guiana<\/option><option value='GF' >Guiana Francesa<\/option><option value='GN' >Guin\u00e9<\/option><option value='GQ' >Guin\u00e9 Equatorial<\/option><option value='GW' >Guin\u00e9-Bissau<\/option><option value='GM' >G\u00e2mbia<\/option><option value='HT' >Haiti<\/option><option value='HN' >Honduras<\/option><option value='HK' >Hong Kong<\/option><option value='HU' >Hungria<\/option><option value='BV' >Ilha Bouvet<\/option><option value='HM' >Ilha Heard e Ilhas McDonald<\/option><option value='NF' >Ilha Norfolk<\/option><option value='IM' >Ilha de Man<\/option><option value='CX' >Ilha do Natal<\/option><option value='AX' >Ilhas Aland<\/option><option value='KY' >Ilhas Cayman<\/option><option value='CC' >Ilhas Cocos (Keeling)<\/option><option value='CK' >Ilhas Cook<\/option><option value='FO' >Ilhas Faro\u00e9<\/option><option value='FK' >Ilhas Malvinas<\/option><option value='MP' >Ilhas Marianas do Norte<\/option><option value='MH' >Ilhas Marshall<\/option><option value='UM' >Ilhas Perif\u00e9ricas Menores dos Estados Unidos (EUA)<\/option><option value='SB' >Ilhas Salom\u00e3o<\/option><option value='TC' >Ilhas Turcas e Caicos<\/option><option value='VI' >Ilhas Virgens Americanas<\/option><option value='VG' >Ilhas Virgens Brit\u00e2nicas<\/option><option value='ID' >Indon\u00e9sia<\/option><option value='IQ' >Iraque<\/option><option value='IE' >Irlanda<\/option><option value='IR' >Ir\u00e3o<\/option><option value='IS' >Isl\u00e2ndia<\/option><option value='IL' >Israel<\/option><option value='IT' >It\u00e1lia<\/option><option value='YE' >I\u00eamen<\/option><option value='JM' >Jamaica<\/option><option value='JP' >Jap\u00e3o<\/option><option value='JE' >Jersey<\/option><option value='JO' >Jord\u00e2nia<\/option><option value='KI' >Kiribati<\/option><option value='XK' >Kosovo<\/option><option value='KW' >Kuwait<\/option><option value='LA' >Laos<\/option><option value='LS' >Lesoto<\/option><option value='LV' >Let\u00f4nia<\/option><option value='LR' >Lib\u00e9ria<\/option><option value='LI' >Liechtenstein<\/option><option value='LT' >Litu\u00e2nia<\/option><option value='LU' >Luxemburgo<\/option><option value='LB' >L\u00edbano<\/option><option value='LY' >L\u00edbia<\/option><option value='MK' >Maced\u00f4nia do Norte<\/option><option value='MG' >Madagascar<\/option><option value='MW' >Malawi<\/option><option value='MV' >Maldivas<\/option><option value='ML' >Mali<\/option><option value='MT' >Malta<\/option><option value='MY' >Mal\u00e1sia<\/option><option value='MA' >Marrocos<\/option><option value='MQ' >Martinica<\/option><option value='MR' >Maurit\u00e2nia<\/option><option value='MU' >Maur\u00edcio<\/option><option value='YT' >Mayotte<\/option><option value='MM' >Mianmar<\/option><option value='FM' >Micron\u00e9sia<\/option><option value='MD' >Mold\u00e1via<\/option><option value='MN' >Mong\u00f3lia<\/option><option value='ME' >Montenegro<\/option><option value='MS' >Montserrat<\/option><option value='MZ' >Mo\u00e7ambique<\/option><option value='MX' >M\u00e9xico<\/option><option value='MC' >M\u00f3naco<\/option><option value='NA' >Nam\u00edbia<\/option><option value='NR' >Nauru<\/option><option value='NP' >Nepal<\/option><option value='NI' >Nicar\u00e1gua<\/option><option value='NG' >Nig\u00e9ria<\/option><option value='NU' >Niue<\/option><option value='NO' >Noruega<\/option><option value='NC' >Nova Caled\u00f4nia<\/option><option value='NZ' >Nova Zel\u00e2ndia<\/option><option value='NE' >N\u00edger<\/option><option value='OM' >Om\u00e3<\/option><option value='PW' >Palau<\/option><option value='PA' >Panam\u00e1<\/option><option value='PG' >Papua-Nova Guin\u00e9<\/option><option value='PK' >Paquist\u00e3o<\/option><option value='PY' >Paraguai<\/option><option value='NL' >Pa\u00edses Baixos<\/option><option value='PE' >Peru<\/option><option value='PN' >Pitcairn<\/option><option value='PF' >Polin\u00e9sia Francesa<\/option><option value='PL' >Pol\u00f4nia<\/option><option value='PR' >Porto Rico<\/option><option value='PT' >Portugal<\/option><option value='KG' >Quirguist\u00e3o<\/option><option value='KE' >Qu\u00e9nia<\/option><option value='MO' >RAE de Macau, China<\/option><option value='GB' >Reino Unido (RU)<\/option><option value='CF' >Rep\u00fablica Centro-Africana<\/option><option value='CD' >Rep\u00fablica Democr\u00e1tica do Congo (Kinshasa)<\/option><option value='DO' >Rep\u00fablica Dominicana<\/option><option value='CZ' >Rep\u00fablica Tcheca<\/option><option value='CG' >Rep\u00fablica do Congo (Brazzaville)<\/option><option value='RE' >Reuni\u00e3o<\/option><option value='RO' >Rom\u00eania<\/option><option value='RW' >Ruanda<\/option><option value='RU' >R\u00fassia<\/option><option value='EH' >Saara Ocidental<\/option><option value='WS' >Samoa<\/option><option value='AS' >Samoa Americana<\/option><option value='SM' >San Marino<\/option><option value='SH' >Santa Helena<\/option><option value='LC' >Santa L\u00facia<\/option><option value='SN' >Senegal<\/option><option value='SL' >Serra Leoa<\/option><option value='SC' >Seychelles<\/option><option value='SO' >Som\u00e1lia<\/option><option value='LK' >Sri Lanka<\/option><option value='SD' >Sud\u00e3o<\/option><option value='SS' >Sud\u00e3o do Sul<\/option><option value='SR' >Suriname<\/option><option value='SE' >Su\u00e9cia<\/option><option value='CH' >Su\u00ed\u00e7a<\/option><option value='SJ' >Svalbard e Jan Mayen<\/option><option value='BL' >S\u00e3o Bartolomeu<\/option><option value='KN' >S\u00e3o Crist\u00f3v\u00e3o e Nevis<\/option><option value='MF' >S\u00e3o Martinho (parte francesa)<\/option><option value='SX' >S\u00e3o Martinho (parte holandesa)<\/option><option value='PM' >S\u00e3o Pedro e Miquelon<\/option><option value='ST' >S\u00e3o Tom\u00e9 e Pr\u00edncipe<\/option><option value='VC' >S\u00e3o Vicente e Granadinas<\/option><option value='RS' >S\u00e9rvia<\/option><option value='SY' >S\u00edria<\/option><option value='TH' >Tail\u00e2ndia<\/option><option value='TW' >Taiwan<\/option><option value='TJ' >Tajiquist\u00e3o<\/option><option value='TZ' >Tanz\u00e2nia<\/option><option value='IO' >Territ\u00f3rio Brit\u00e2nico do Oceano \u00cdndico<\/option><option value='PS' >Territ\u00f3rio Palestino<\/option><option value='TF' >Territ\u00f3rios Franceses do Sul<\/option><option value='TL' >Timor-Leste<\/option><option value='TG' >Togo<\/option><option value='TK' >Tokelau<\/option><option value='TO' >Tonga<\/option><option value='TT' >Trinidad e Tobago<\/option><option value='TN' >Tun\u00edsia<\/option><option value='TM' >Turquemenist\u00e3o<\/option><option value='TR' >Turquia<\/option><option value='TV' >Tuvalu<\/option><option value='UA' >Ucr\u00e2nia<\/option><option value='UG' >Uganda<\/option><option value='UY' >Uruguai<\/option><option value='UZ' >Uzbequist\u00e3o<\/option><option value='VU' >Vanuatu<\/option><option value='VA' >Vaticano<\/option><option value='VE' >Venezuela<\/option><option value='VN' >Vietname<\/option><option value='WF' >Wallis e Futuna<\/option><option value='ZW' >Zimb\u00e1bue<\/option><option value='ZM' >Z\u00e2mbia<\/option><option value='ZA' >\u00c1frica do Sul<\/option><option value='AT' >\u00c1ustria<\/option><option value='IN' >\u00cdndia<\/option><\/select><\/div><\/div><div class='ff-el-group'><div class=\"ff-el-input--label ff-el-is-required asterisk-right\"><label for='ff_3_multi_select' id='label_ff_3_multi_select' aria-label=\"Training\">Training<\/label><\/div><div class='ff-el-input--content'><select name=\"multi_select[]\" id=\"ff_3_multi_select\" class=\"ff-el-form-control  ff_has_multi_select\" multiple=\"1\" data-name=\"multi_select\" data-calc_value=\"0\"  aria-invalid=\"false\" aria-required=\"true\" aria-labelledby=\"label_ff_3_multi_select\"><option value=\"Training of Trainers\"  >Training of Trainers<\/option><option value=\"Training of Learners\"  >Training of Learners<\/option><\/select><\/div><\/div><div class='ff-el-group ff-text-left ff_submit_btn_wrapper'><button type=\"submit\" class=\"ff-btn ff-btn-submit ff-btn-sm ff_btn_style\"  aria-label=\"Submit Form\">Submit Form<\/button><\/div><\/fieldset><\/form><div id='fluentform_3_errors' class='ff-errors-in-stack ff_form_instance_3_1 ff-form-loading_errors ff_form_instance_3_1_errors'><\/div><\/div>            <script type=\"text\/javascript\">\n                window.fluent_form_ff_form_instance_3_1 = {\"id\":\"3\",\"settings\":{\"layout\":{\"labelPlacement\":\"top\",\"helpMessagePlacement\":\"with_label\",\"errorMessagePlacement\":\"inline\",\"cssClassName\":\"\",\"asteriskPlacement\":\"asterisk-right\"},\"restrictions\":{\"denyEmptySubmission\":{\"enabled\":false}}},\"form_instance\":\"ff_form_instance_3_1\",\"form_id_selector\":\"fluentform_3\",\"rules\":{\"numeric-field\":{\"required\":{\"value\":false,\"message\":\"This field is required\"},\"numeric\":{\"value\":true,\"message\":\"This field must contain numeric value\"},\"min\":{\"value\":\"\",\"message\":\"Minimum value is \"},\"max\":{\"value\":\"\",\"message\":\"Maximum value is \"},\"digits\":{\"value\":\"\",\"message\":\"The number of digits has to be \"}},\"names[first_name]\":{\"required\":{\"value\":true,\"message\":\"This field is required\"}},\"names[middle_name]\":{\"required\":{\"value\":false,\"message\":\"This field is required\"}},\"names[last_name]\":{\"required\":{\"value\":true,\"message\":\"This field is required\"}},\"numeric-field_1\":{\"required\":{\"value\":false,\"message\":\"This field is required\"},\"numeric\":{\"value\":true,\"message\":\"This field must contain numeric value\"},\"min\":{\"value\":\"\",\"message\":\"Minimum value is \"},\"max\":{\"value\":\"\",\"message\":\"Maximum value is \"},\"digits\":{\"value\":\"\",\"message\":\"The number of digits has to be \"}},\"email\":{\"required\":{\"value\":false,\"message\":\"This field is required\"},\"email\":{\"value\":true,\"message\":\"This field must contain a valid email\"}},\"checkbox\":{\"required\":{\"value\":true,\"message\":\"This field is required\"}},\"description\":{\"required\":{\"value\":false,\"message\":\"This field is required\"}},\"country-list\":{\"required\":{\"value\":true,\"message\":\"This field is required\"}},\"multi_select\":{\"required\":{\"value\":true,\"message\":\"This field is required\"}}},\"debounce_time\":300};\n                            <\/script>\n            \n","protected":false},"excerpt":{"rendered":"<p><a class=\"sd-more sd-all-trans\" href=\"https:\/\/ajan.africa\/pt\/ahappy-training-activities\/#more-11842\">consulte Mais informa\u00e7\u00e3o<\/a><\/p>","protected":false},"author":156,"featured_media":0,"parent":0,"menu_order":0,"comment_status":"closed","ping_status":"closed","template":"","meta":{"om_disable_all_campaigns":false,"_monsterinsights_skip_tracking":false,"_monsterinsights_sitenote_active":false,"_monsterinsights_sitenote_note":"","_monsterinsights_sitenote_category":0,"footnotes":""},"class_list":["post-11842","page","type-page","status-publish","hentry"],"aioseo_notices":[],"_links":{"self":[{"href":"https:\/\/ajan.africa\/pt\/wp-json\/wp\/v2\/pages\/11842","targetHints":{"allow":["GET"]}}],"collection":[{"href":"https:\/\/ajan.africa\/pt\/wp-json\/wp\/v2\/pages"}],"about":[{"href":"https:\/\/ajan.africa\/pt\/wp-json\/wp\/v2\/types\/page"}],"author":[{"embeddable":true,"href":"https:\/\/ajan.africa\/pt\/wp-json\/wp\/v2\/users\/156"}],"replies":[{"embeddable":true,"href":"https:\/\/ajan.africa\/pt\/wp-json\/wp\/v2\/comments?post=11842"}],"version-history":[{"count":0,"href":"https:\/\/ajan.africa\/pt\/wp-json\/wp\/v2\/pages\/11842\/revisions"}],"wp:attachment":[{"href":"https:\/\/ajan.africa\/pt\/wp-json\/wp\/v2\/media?parent=11842"}],"curies":[{"name":"wp","href":"https:\/\/api.w.org\/{rel}","templated":true}]}}