{"id":345,"date":"2015-07-30T22:50:54","date_gmt":"2015-07-30T22:50:54","guid":{"rendered":"http:\/\/helpinghands.skat.tf\/?page_id=345"},"modified":"2023-05-19T09:12:50","modified_gmt":"2023-05-19T09:12:50","slug":"faqs","status":"publish","type":"page","link":"https:\/\/ajan.africa\/pt\/faqs\/","title":{"rendered":"Perguntas frequentes"},"content":{"rendered":"<div class=\"vc_row wpb_row vc_row-fluid\"><div class=\"container\"><div class=\"sd-centered-wrapper\"><div class=\"wpb_column vc_column_container vc_col-sm-12\"><div class=\"vc_column-inner\"><div class=\"wpb_wrapper\"><div class=\"ult-spacer spacer-69eb2c8d7c956\" data-id=\"69eb2c8d7c956\" data-height=\"110\" data-height-mobile=\"50\" data-height-tab=\"\" data-height-tab-portrait=\"\" data-height-mobile-landscape=\"\" style=\"clear:both;display:block;\"><\/div><div id=\"ultimate-heading-964269eb2c8d7c9a4\" class=\"uvc-heading ult-adjust-bottom-margin ultimate-heading-964269eb2c8d7c9a4 uvc-7868\" data-hspacer=\"no_spacer\"  data-halign=\"left\" style=\"text-align:left\"><div class=\"uvc-heading-spacer no_spacer\" style=\"top\"><\/div><div class=\"uvc-sub-heading ult-responsive\"  data-ultimate-target='.uvc-heading.ultimate-heading-964269eb2c8d7c9a4 .uvc-sub-heading '  data-responsive-json-new='{\"font-size\":\"desktop:18px;\",\"line-height\":\"desktop:18px;\"}'  style=\"font-family:&#039;Montserrat&#039;;font-weight:700;\"><\/p>\n<p class=\"sd-text-bg-white\">Perguntas frequentes<\/p>\n<p><\/div><\/div><div class=\"ult-spacer spacer-69eb2c8d7c9fc\" data-id=\"69eb2c8d7c9fc\" data-height=\"110\" data-height-mobile=\"50\" data-height-tab=\"\" data-height-tab-portrait=\"\" data-height-mobile-landscape=\"\" style=\"clear:both;display:block;\"><\/div><\/div><\/div><\/div><\/div><\/div><\/div><!-- Row Backgrounds --><div class=\"upb_bg_img\" data-ultimate-bg=\"url(https:\/\/ajan.africa\/wp-content\/uploads\/edd\/2021\/07\/cel-for-sammy.jpg)\" data-image-id=\"id^9035|url^http:\/\/ajan.africa\/wp-content\/uploads\/edd\/2021\/07\/cel-for-sammy.jpg|caption^null|alt^null|title^cel-for-sammy|description^null\" data-ultimate-bg-style=\"vcpb-default\" data-bg-img-repeat=\"no-repeat\" data-bg-img-size=\"cover\" data-bg-img-position=\"\" data-parallx_sense=\"30\" data-bg-override=\"0\" data-bg_img_attach=\"scroll\" data-upb-overlay-color=\"\" data-upb-bg-animation=\"\" data-fadeout=\"\" data-bg-animation=\"left-animation\" data-bg-animation-type=\"h\" data-animation-repeat=\"repeat\" data-fadeout-percentage=\"30\" data-parallax-content=\"\" data-parallax-content-sense=\"30\" data-row-effect-mobile-disable=\"true\" data-img-parallax-mobile-disable=\"true\" data-rtl=\"false\"  data-custom-vc-row=\"\"  data-vc=\"6.6.0\"  data-is_old_vc=\"\"  data-theme-support=\"\"   data-overlay=\"false\" data-overlay-color=\"\" data-overlay-pattern=\"\" data-overlay-pattern-opacity=\"\" data-overlay-pattern-size=\"\"    ><\/div><div class=\"vc_row wpb_row vc_row-fluid\"><div class=\"container\"><div class=\"sd-centered-wrapper\"><div class=\"wpb_column vc_column_container vc_col-sm-12\"><div class=\"vc_column-inner\"><div class=\"wpb_wrapper\"><div class=\"ult-spacer spacer-69eb2c8d8064d\" data-id=\"69eb2c8d8064d\" data-height=\"70\" data-height-mobile=\"70\" data-height-tab=\"70\" data-height-tab-portrait=\"\" data-height-mobile-landscape=\"\" style=\"clear:both;display:block;\"><\/div><div id=\"ultimate-heading-273869eb2c8d80698\" class=\"uvc-heading ult-adjust-bottom-margin ultimate-heading-273869eb2c8d80698 uvc-24\" data-hspacer=\"no_spacer\"  data-halign=\"left\" style=\"text-align:left\"><div class=\"uvc-heading-spacer no_spacer\" style=\"top\"><\/div><div class=\"uvc-main-heading ult-responsive\"  data-ultimate-target='.uvc-heading.ultimate-heading-273869eb2c8d80698 h3'  data-responsive-json-new='{\"font-size\":\"desktop:24px;\",\"line-height\":\"\"}' ><h3 style=\"font-family:&#039;Montserrat&#039;;font-weight:700;margin-bottom:15px;\">PERGUNTAS FREQUENTES<\/h3><\/div><div class=\"uvc-sub-heading ult-responsive\"  data-ultimate-target='.uvc-heading.ultimate-heading-273869eb2c8d80698 .uvc-sub-heading '  data-responsive-json-new='{\"font-size\":\"desktop:21px;\",\"line-height\":\"desktop:30px;\"}'  style=\"font-family:&#039;Karla&#039;;font-weight:normal;color:#f96310;margin-bottom:40px;\">Tudo o que voc\u00ea precisa saber sobre a AJAN.<\/div><\/div><div id=\"ultimate-heading-605669eb2c8d80717\" class=\"uvc-heading ult-adjust-bottom-margin ultimate-heading-605669eb2c8d80717 uvc-1417\" data-hspacer=\"line_only\"  data-halign=\"left\" style=\"text-align:left\"><div class=\"uvc-main-heading ult-responsive\"  data-ultimate-target='.uvc-heading.ultimate-heading-605669eb2c8d80717 h3'  data-responsive-json-new='{\"font-size\":\"desktop:24px;\",\"line-height\":\"\"}' ><h3 style=\"font-family:&#039;Montserrat&#039;;font-weight:700;color:#f96310;margin-bottom:15px;\">QUEST\u00d5ES GERAIS<\/h3><\/div><div class=\"uvc-heading-spacer line_only\" style=\"margin-bottom:30px;height:3px;\"><span class=\"uvc-headings-line\" style=\"border-style:solid;border-bottom-width:3px;border-color:#f1f4f8;width:autopx;\"><\/span><\/div><\/div><div id=\"1438297456498-18747d9c-d908\" class=\"vc_toggle vc_toggle_square vc_toggle_color_mulled_wine  vc_toggle_size_sm\"><div class=\"vc_toggle_title\"><h4>ONDE EST\u00c1 A SEDE DA AJAN?<\/h4><i class=\"vc_toggle_icon\"><\/i><\/div><div class=\"vc_toggle_content\"><p>O secretariado da AJAN est\u00e1 localizado na AFRICAMA House, ao longo da Dagoretti 260, Karen, Nairobi, Qu\u00eania.<\/p>\n<\/div><\/div><div  class=\"vc_toggle vc_toggle_square vc_toggle_color_mulled_wine  vc_toggle_size_sm\"><div class=\"vc_toggle_title\"><h4>QUEM FAZ A REDE AJAN?<\/h4><i class=\"vc_toggle_icon\"><\/i><\/div><div class=\"vc_toggle_content\"><p>Loyola Social Centre (Togo), Yezu Mwiza Service (Burundi), Centro de Informa\u00e7\u00e3o, Educa\u00e7\u00e3o e Escuta da Universidade Cat\u00f3lica (Rep\u00fablica da \u00c1frica Central), Chikuni Home Based Care (Z\u00e2mbia), Association Les Benevoles De L'esperance -ABE (Burkina Faso), Centre Maisha (Rep\u00fablica Democr\u00e1tica do Congo), St. Aloysius Gonzaga (Qu\u00eania), Projeto de Desenvolvimento de St. Joseph - Kangemi (Qu\u00eania), Ocer Campion Jesuit College (Gulu-Uganda), Desenvolvimento Integral da Juventude -IYD (Zimb\u00e1bue), Foyer Louis de Gonzague-Kikiwit, Rep\u00fablica Democr\u00e1tica do Congo), Jesuit Urumuri Centre (Ruanda), St. Teresa's Reconciliation Parish (South Sudan), Airport Parish- Dodoma (Tanz\u00e2nia), Centre for Research, Education and Communication -CREC (Benin), Holy Family Parish (Lib\u00e9ria), Fe Y Alegria (Guin\u00e9-Conakry) e Centre Social Arrupe (Madagascar).<\/p>\n<\/div><\/div><div id=\"1438299012813-eebd3445-d442\" class=\"vc_toggle vc_toggle_square vc_toggle_color_mulled_wine  vc_toggle_size_sm\"><div class=\"vc_toggle_title\"><h4>QUAL \u00c9 O TRABALHO DA AJAN?<\/h4><i class=\"vc_toggle_icon\"><\/i><\/div><div class=\"vc_toggle_content\"><ol>\n<li>\u00a0Ajude os jesu\u00edtas em cada pa\u00eds africano onde houver presen\u00e7a para responder ao HIV e AIDS, reunindo os envolvidos em uma for\u00e7a-tarefa \/ grupo de trabalho.<\/li>\n<li>Vincule esses grupos de trabalho nacionais a passo a passo em uma Rede Jesu\u00edta continental eficaz com sua pr\u00f3pria voz e capacidade de agir de forma coordenada.<\/li>\n<li>Desenvolva boas rela\u00e7\u00f5es de coopera\u00e7\u00e3o com muitos outros grupos e associa\u00e7\u00f5es, e com a Igreja e Sociedade de Jesus maiores, relacionamentos baseados no compartilhamento de informa\u00e7\u00f5es, experi\u00eancia e recursos financeiros<\/li>\n<\/ol>\n<\/div><\/div><div id=\"1438299262910-1548dcf9-b08b\" class=\"vc_toggle vc_toggle_square vc_toggle_color_mulled_wine  vc_toggle_size_sm\"><div class=\"vc_toggle_title\"><h4>QUAL \u00c9 O SIGNIFICADO DE AHAPPY? <\/h4><i class=\"vc_toggle_icon\"><\/i><\/div><div class=\"vc_toggle_content\"><p>AHAPPY significa Programa de Preven\u00e7\u00e3o de HIV e AIDS da AJAN para jovens.<\/p>\n<\/div><\/div><div  class=\"vc_toggle vc_toggle_square vc_toggle_color_mulled_wine  vc_toggle_size_sm\"><div class=\"vc_toggle_title\"><h4>QUEM S\u00c3O O GRUPO ALVO PARA A FELIZ? <\/h4><i class=\"vc_toggle_icon\"><\/i><\/div><div class=\"vc_toggle_content\"><p>Jovens de 10 a 24 anos. No entanto, o programa de Forma\u00e7\u00e3o de Formadores \u00e9 oferecido a professores, catequistas e outros educadores de pares para capacitar centros \/ par\u00f3quias para sustentar este projeto para al\u00e9m do que o secretariado da AJAN inicia.<\/p>\n<\/div><\/div><div id=\"ultimate-heading-128769eb2c8d968d1\" class=\"uvc-heading ult-adjust-bottom-margin ultimate-heading-128769eb2c8d968d1 uvc-6562\" data-hspacer=\"line_only\"  data-halign=\"left\" style=\"text-align:left\"><div class=\"uvc-main-heading ult-responsive\"  data-ultimate-target='.uvc-heading.ultimate-heading-128769eb2c8d968d1 h3'  data-responsive-json-new='{\"font-size\":\"desktop:24px;\",\"line-height\":\"\"}' ><h3 style=\"font-family:&#039;Montserrat&#039;;font-weight:700;color:#f96310;margin-top:50px;margin-bottom:15px;\">PERGUNTAS DE VOLUNT\u00c1RIO<\/h3><\/div><div class=\"uvc-heading-spacer line_only\" style=\"margin-bottom:30px;height:3px;\"><span class=\"uvc-headings-line\" style=\"border-style:solid;border-bottom-width:3px;border-color:#f1f4f8;width:autopx;\"><\/span><\/div><\/div><div  class=\"vc_toggle vc_toggle_square vc_toggle_color_mulled_wine  vc_toggle_size_sm\"><div class=\"vc_toggle_title\"><h4>COMO PODE SE TORNAR VOLUNT\u00c1RIO DA AJAN?<\/h4><i class=\"vc_toggle_icon\"><\/i><\/div><div class=\"vc_toggle_content\"><p>O AHAPPY (Programa de Preven\u00e7\u00e3o de HIV e AIDS da AJAN para Jovens) da AJAN, voltado para os jovens, oferece duas op\u00e7\u00f5es: -<\/p>\n<ol>\n<li>Voc\u00ea pode fazer um Curso de Treinamento de Instrutores e se tornar um agente contra o HIV e o estigma relacionado a ele e um influenciador social positivo em sua comunidade.<\/li>\n<li>Voc\u00ea pode fazer um curso de Treinamento de Instrutores e se tornar um instrutor em sua institui\u00e7\u00e3o ou comunidade.<\/li>\n<\/ol>\n<p><span style=\"color: #f96310;\"><\/p>\n<\/div><\/div><div id=\"ultimate-heading-713769eb2c8d97f73\" class=\"uvc-heading ult-adjust-bottom-margin ultimate-heading-713769eb2c8d97f73 uvc-1440\" data-hspacer=\"line_only\"  data-halign=\"left\" style=\"text-align:left\"><div class=\"uvc-main-heading ult-responsive\"  data-ultimate-target='.uvc-heading.ultimate-heading-713769eb2c8d97f73 h3'  data-responsive-json-new='{\"font-size\":\"desktop:24px;\",\"line-height\":\"\"}' ><h3 style=\"font-family:&#039;Montserrat&#039;;font-weight:700;color:#f96310;margin-top:50px;margin-bottom:15px;\">PERGUNTAS DE DOA\u00c7\u00d5ES<\/h3><\/div><div class=\"uvc-heading-spacer line_only\" style=\"margin-bottom:30px;height:3px;\"><span class=\"uvc-headings-line\" style=\"border-style:solid;border-bottom-width:3px;border-color:#f1f4f8;width:autopx;\"><\/span><\/div><\/div><div id=\"1438299320951-e7887e7f-4a5d\" class=\"vc_toggle vc_toggle_square vc_toggle_color_mulled_wine  vc_toggle_size_sm\"><div class=\"vc_toggle_title\"><h4>COMO POSSO DOAR RECURSOS PARA MELHORAR O TRABALHO DA AJAN? <\/h4><i class=\"vc_toggle_icon\"><\/i><\/div><div class=\"vc_toggle_content\"><p>Clique no bot\u00e3o para fazer sua doa\u00e7\u00e3o.<\/span><\/p>\n<p><button id=\"ubtn-6567\" class=\"ubtn ult-adjust-bottom-margin ult-responsive ubtn-custom ubtn-fade-bg none ubtn-right tooltip-61091a21e95cd\" style=\"margin-top: 20px; font-family: 'Montserrat'; font-weight: bold; width: 190px; min-height: 45px; padding: px px; border-radius: 3px; background: #f96310; color: #ffffff; border: 2px solid #f96310;\" type=\"button\" data-hover=\"#f96310\" data-border-color=\"#f96310\" data-bg=\"#f96310\" data-hover-bg=\"#ffffff\" data-border-hover=\"#f96310\" data-shadow-hover=\"\" data-shadow-click=\"none\" data-shadow=\"\" data-shd-shadow=\"\" data-ultimate-target=\"#ubtn-6567\" data-responsive-json-new=\"{&quot;font-size&quot;:&quot;desktop:13px;&quot;,&quot;line-height&quot;:&quot;&quot;}\"><span class=\"ubtn-data ubtn-text\">DOE AGORA<\/span><\/button><\/p>\n<\/div><\/div><div class=\"ult-spacer spacer-69eb2c8d99688\" data-id=\"69eb2c8d99688\" data-height=\"70\" data-height-mobile=\"70\" data-height-tab=\"70\" data-height-tab-portrait=\"\" data-height-mobile-landscape=\"\" style=\"clear:both;display:block;\"><\/div><\/div><\/div><\/div><\/div><\/div><\/div>","protected":false},"excerpt":{"rendered":"<p><a class=\"sd-more sd-all-trans\" href=\"https:\/\/ajan.africa\/pt\/faqs\/#more-345\">consulte Mais informa\u00e7\u00e3o<\/a><\/p>","protected":false},"author":155,"featured_media":0,"parent":0,"menu_order":0,"comment_status":"closed","ping_status":"open","template":"full-width-page.php","meta":{"om_disable_all_campaigns":false,"_monsterinsights_skip_tracking":false,"_monsterinsights_sitenote_active":false,"_monsterinsights_sitenote_note":"","_monsterinsights_sitenote_category":0,"footnotes":""},"class_list":["post-345","page","type-page","status-publish","hentry"],"aioseo_notices":[],"_links":{"self":[{"href":"https:\/\/ajan.africa\/pt\/wp-json\/wp\/v2\/pages\/345","targetHints":{"allow":["GET"]}}],"collection":[{"href":"https:\/\/ajan.africa\/pt\/wp-json\/wp\/v2\/pages"}],"about":[{"href":"https:\/\/ajan.africa\/pt\/wp-json\/wp\/v2\/types\/page"}],"author":[{"embeddable":true,"href":"https:\/\/ajan.africa\/pt\/wp-json\/wp\/v2\/users\/155"}],"replies":[{"embeddable":true,"href":"https:\/\/ajan.africa\/pt\/wp-json\/wp\/v2\/comments?post=345"}],"version-history":[{"count":0,"href":"https:\/\/ajan.africa\/pt\/wp-json\/wp\/v2\/pages\/345\/revisions"}],"wp:attachment":[{"href":"https:\/\/ajan.africa\/pt\/wp-json\/wp\/v2\/media?parent=345"}],"curies":[{"name":"wp","href":"https:\/\/api.w.org\/{rel}","templated":true}]}}