{"id":65,"date":"2015-07-28T17:54:43","date_gmt":"2015-07-28T17:54:43","guid":{"rendered":"http:\/\/helpinghands.skat.tf\/?page_id=65"},"modified":"2023-05-19T08:44:51","modified_gmt":"2023-05-19T08:44:51","slug":"our-causes","status":"publish","type":"page","link":"https:\/\/ajan.africa\/pt\/our-causes\/","title":{"rendered":"NOSSAS CAUSAS"},"content":{"rendered":"<div class=\"vc_row wpb_row vc_row-fluid vc_custom_1631002541698 vc_row-has-fill\"><div class=\"container\"><div class=\"sd-centered-wrapper\"><div class=\"wpb_column vc_column_container vc_col-sm-12\"><div class=\"vc_column-inner\"><div class=\"wpb_wrapper\"><div class=\"ult-spacer spacer-69fb0ea31a0f5\" data-id=\"69fb0ea31a0f5\" data-height=\"110\" data-height-mobile=\"50\" data-height-tab=\"\" data-height-tab-portrait=\"\" data-height-mobile-landscape=\"\" style=\"clear:both;display:block;\"><\/div><div id=\"ultimate-heading-68069fb0ea31a140\" class=\"uvc-heading ult-adjust-bottom-margin ultimate-heading-68069fb0ea31a140 uvc-7203\" data-hspacer=\"no_spacer\"  data-halign=\"left\" style=\"text-align:left\"><div class=\"uvc-heading-spacer no_spacer\" style=\"top\"><\/div><div class=\"uvc-sub-heading ult-responsive\"  data-ultimate-target='.uvc-heading.ultimate-heading-68069fb0ea31a140 .uvc-sub-heading '  data-responsive-json-new='{\"font-size\":\"desktop:18px;\",\"line-height\":\"desktop:18px;\"}'  style=\"font-family:&#039;Montserrat&#039;;font-weight:700;\"><\/p>\n<p class=\"sd-text-bg-white\">NOSSAS CAUSAS<\/p>\n<p><\/div><\/div><div class=\"ult-spacer spacer-69fb0ea31a197\" data-id=\"69fb0ea31a197\" data-height=\"110\" data-height-mobile=\"50\" data-height-tab=\"\" data-height-tab-portrait=\"\" data-height-mobile-landscape=\"\" style=\"clear:both;display:block;\"><\/div><\/div><\/div><\/div><\/div><\/div><\/div><!-- Row Backgrounds --><div class=\"upb_bg_img\" data-ultimate-bg=\"url(https:\/\/ajan.africa\/wp-content\/uploads\/edd\/2021\/07\/cel-for-sammy.jpg)\" data-image-id=\"id^9035|url^http:\/\/ajan.africa\/wp-content\/uploads\/edd\/2021\/07\/cel-for-sammy.jpg|caption^null|alt^null|title^cel-for-sammy|description^null\" data-ultimate-bg-style=\"vcpb-default\" data-bg-img-repeat=\"no-repeat\" data-bg-img-size=\"cover\" data-bg-img-position=\"\" data-parallx_sense=\"30\" data-bg-override=\"0\" data-bg_img_attach=\"scroll\" data-upb-overlay-color=\"\" data-upb-bg-animation=\"\" data-fadeout=\"\" data-bg-animation=\"left-animation\" data-bg-animation-type=\"h\" data-animation-repeat=\"repeat\" data-fadeout-percentage=\"30\" data-parallax-content=\"\" data-parallax-content-sense=\"30\" data-row-effect-mobile-disable=\"true\" data-img-parallax-mobile-disable=\"true\" data-rtl=\"false\"  data-custom-vc-row=\"\"  data-vc=\"6.6.0\"  data-is_old_vc=\"\"  data-theme-support=\"\"   data-overlay=\"false\" data-overlay-color=\"\" data-overlay-pattern=\"\" data-overlay-pattern-opacity=\"\" data-overlay-pattern-size=\"\"    ><\/div><div class=\"vc_row wpb_row vc_row-fluid\"><div class=\"container\"><div class=\"sd-centered-wrapper\"><div class=\"wpb_column vc_column_container vc_col-sm-12\"><div class=\"vc_column-inner\"><div class=\"wpb_wrapper\"><div class=\"ult-spacer spacer-69fb0ea31c217\" data-id=\"69fb0ea31c217\" data-height=\"40\" data-height-mobile=\"40\" data-height-tab=\"40\" data-height-tab-portrait=\"\" data-height-mobile-landscape=\"\" style=\"clear:both;display:block;\"><\/div><div id=\"ultimate-heading-389369fb0ea31c25f\" class=\"uvc-heading ult-adjust-bottom-margin ultimate-heading-389369fb0ea31c25f uvc-4626\" data-hspacer=\"no_spacer\"  data-halign=\"center\" style=\"text-align:center\"><div class=\"uvc-heading-spacer no_spacer\" style=\"top\"><\/div><div class=\"uvc-sub-heading ult-responsive\"  data-ultimate-target='.uvc-heading.ultimate-heading-389369fb0ea31c25f .uvc-sub-heading '  data-responsive-json-new='{\"font-size\":\"desktop:18px;\",\"line-height\":\"desktop:12px;\"}'  style=\"font-family:&#039;Alegreya&#039;;font-weight:700;color:#ffffff;margin-bottom:20px;\"><\/p>\n<p class=\"sd-text-background\">COMO VOC\u00ca PODE AJUDAR<\/p>\n<p><\/div><\/div><div id=\"ultimate-heading-936569fb0ea31c375\" class=\"uvc-heading ult-adjust-bottom-margin ultimate-heading-936569fb0ea31c375 uvc-1570\" data-hspacer=\"no_spacer\"  data-halign=\"center\" style=\"text-align:center\"><div class=\"uvc-heading-spacer no_spacer\" style=\"top\"><\/div><div class=\"uvc-sub-heading ult-responsive\"  data-ultimate-target='.uvc-heading.ultimate-heading-936569fb0ea31c375 .uvc-sub-heading '  data-responsive-json-new='{\"font-size\":\"desktop:24px;\",\"line-height\":\"desktop:36px;\"}'  style=\"font-family:&#039;Montserrat&#039;;font-weight:700;color:#435061;margin-bottom:20px;\">PRECISAMOS DA SUA AJUDA PARA AJUDAR OUTROS, VER NOSSAS CAUSAS<\/div><\/div>\t\t<div class=\"sd-campaign-listing\">\n\t\t\t\t\t\t\t\t\t\t\t\t\t<div class=\"sd-campaign-filters\">\n\t\t\t\t\t\t\t<ul>\n\t\t\t\t\t\t\t\t<li>\n\t\t\t\t\t\t\t\t\t<a href=\"#\" data-filter=\"*\" class=\"sd-active sd-link-trans\">All<\/a>\n\t\t\t\t\t\t\t\t<\/li>\n\t\t\t\t\t\t\t\t\t\t\t\t\t\t\t\t\t\t\t\t\t\t\t\t\t\t\t<li>\n\t\t\t\t\t\t\t\t\t\t\t<a href=\"#\" data-filter=\".EDUCATIONANDSPONSORSHIP\" class=\"sd-link-trans\">EDUCA\u00c7\u00c3O E PATROC\u00cdNIO<\/a>\n\t\t\t\t\t\t\t\t\t\t<\/li>\n\t\t\t\t\t\t\t\t\t\t\n\t\t\t\t\t\t\t\t\t\t\t\t\t\t\t\t\t\t\t\t\t\t\t\t\t\t\t\t\t\t\t\t\t\t\t\t<li>\n\t\t\t\t\t\t\t\t\t\t\t<a href=\"#\" data-filter=\".MEDICALTREATMENT\" class=\"sd-link-trans\">TRATAMENTO M\u00c9DICO<\/a>\n\t\t\t\t\t\t\t\t\t\t<\/li>\n\t\t\t\t\t\t\t\t\t\t\n\t\t\t\t\t\t\t\t\t\t\t\t\t\t\t\t\t\t\t\t\t\t\t\t\t\t\t\t\t\t\t\t\t\t\t\t<li>\n\t\t\t\t\t\t\t\t\t\t\t<a href=\"#\" data-filter=\".PSYCHOSOCIALSUPPORT\" class=\"sd-link-trans\">APOIO PSICOSSOCIAL<\/a>\n\t\t\t\t\t\t\t\t\t\t<\/li>\n\t\t\t\t\t\t\t\t\t\t\n\t\t\t\t\t\t\t\t\t\t\t\t\t\t\t\t\t\t\t\t\t\t\t\t\t\t\t\t\t\t\t\t\t\t\t\t<li>\n\t\t\t\t\t\t\t\t\t\t\t<a href=\"#\" data-filter=\".SUPPORTINTEGRALHUMANDEVELOPMENT\" class=\"sd-link-trans\">APOIAR O DESENVOLVIMENTO HUMANO INTEGRAL<\/a>\n\t\t\t\t\t\t\t\t\t\t<\/li>\n\t\t\t\t\t\t\t\t\t\t\n\t\t\t\t\t\t\t\t\t\t\t\t\t\t\t\t\t\t\t\t\t\t\t\t<\/ul>\n\t\t\t\t\t\t<\/div>\n\t\t\t\t\t\t<!-- sd-campaign-filters -->\n\t\t\t\t\t\t\t\t\t\t\t\t\t\n\t\t\t\t<div class=\"row\">\n\t\t\t\t\t<div class=\"sd-listing-content\">\t\t\n\t\t\t\t\t\t\t\t\t\t\t\t\t\t\t\t\t\t\t\t\t<div class=\"col-md-4 col-sm-4 sd-listing-item EDUCATIONANDSPONSORSHIP\">\n\t\t\t\t\t\t\t\t\t<div class=\"sd-campaign-carousel-item\">\n\t\t\t<div class=\"sd-campaign-thumb\">\n\t\t\t<figure>\n\t\t\t\t<a href=\"https:\/\/ajan.africa\/pt\/campaigns\/give-education-to-children\/\" title=\"\u00d3RF\u00c3OS E CRIAN\u00c7AS VULNER\u00c1VEIS\"><img fetchpriority=\"high\" decoding=\"async\" width=\"366\" height=\"220\" src=\"https:\/\/ajan.africa\/wp-content\/uploads\/edd\/2021\/07\/1a.Orphans-and-Vulnerable-Children-1024x683-1-366x220.jpg\" class=\"attachment-sd-campaign-grid size-sd-campaign-grid wp-post-image\" alt=\"\" \/><\/a>\n\t\t\t<\/figure>\n\t\t\t\t\t\t\t<div class=\"sd-campaign-thumb-overlay sd-opacity-trans\">\n\t\t\t\t\t<div class=\"sd-donate-button-wrapper\">\n\t\t\t\t\t\t\t\t\t\t\t\t\t<a class=\"sd-custom-url-donate sd-opacity-trans\" href=\"https:\/\/www.paypal.com\/donate?hosted_button_id=4PM9MDXRXF382\" title=\"DOE AGORA\">DOE AGORA<\/a>\n\t\t\t\t\t\t\t\t\t\t\t<\/div>\n\t\t\t\t\t<!-- sd-donate-button-wrapper -->\n\t\t\t\t<\/div>\n\t\t\t\t<!-- sd-campaign-thumb-overlay -->\n\t\t\t\t\t<\/div>\n\t\t<!-- sd-campaign-thumb -->\n\t\t<div class=\"sd-carousel-item-content clearfix\">\n\t\t<h3><a href=\"https:\/\/ajan.africa\/pt\/campaigns\/give-education-to-children\/\" title=\"\u00d3RF\u00c3OS E CRIAN\u00c7AS VULNER\u00c1VEIS\">\u00d3RF\u00c3OS E CRIAN\u00c7AS VULNER\u00c1VEIS<\/a><\/h3>\n\t\t<p>De acordo com a UNICEF, as crian\u00e7as de 0 a 4 anos enfrentam o maior risco de mortes relacionadas \u00e0 AIDS, em compara\u00e7\u00e3o com todas as outras faixas et\u00e1rias.<\/p>\n\t\t\t\t\t<\/div>\n\t<!-- sd-carousel-item-content -->\n<\/div>\n<!-- sd-campaign-carousel-item -->\n\t\t\t\t\t\t\t\t<\/div>\n\t\t\t\t\t\t\t\t<!-- col-md-4 -->\n\t\t\t\t\t\t\t\t\t\t\t\t\t\t\t\t\t\t\t\t\t\t\t\t\t\t\t\t\t\t\t\t\t\t\t\t\t<div class=\"col-md-4 col-sm-4 sd-listing-item EDUCATIONANDSPONSORSHIP MEDICALTREATMENT PSYCHOSOCIALSUPPORT\">\n\t\t\t\t\t\t\t\t\t<div class=\"sd-campaign-carousel-item\">\n\t\t\t<div class=\"sd-campaign-thumb\">\n\t\t\t<figure>\n\t\t\t\t<a href=\"https:\/\/ajan.africa\/pt\/campaigns\/shape-a-future\/\" title=\"FORMAR UM FUTURO\"><img decoding=\"async\" width=\"366\" height=\"220\" src=\"https:\/\/ajan.africa\/wp-content\/uploads\/edd\/2021\/07\/annes9-366x220.jpg\" class=\"attachment-sd-campaign-grid size-sd-campaign-grid wp-post-image\" alt=\"\" \/><\/a>\n\t\t\t<\/figure>\n\t\t\t\t\t\t\t<div class=\"sd-campaign-thumb-overlay sd-opacity-trans\">\n\t\t\t\t\t<div class=\"sd-donate-button-wrapper\">\n\t\t\t\t\t\t\t\t\t\t\t\t\t<a class=\"sd-custom-url-donate sd-opacity-trans\" href=\"https:\/\/www.paypal.com\/donate?hosted_button_id=4PM9MDXRXF382\" title=\"DOE AGORA\">DOE AGORA<\/a>\n\t\t\t\t\t\t\t\t\t\t\t<\/div>\n\t\t\t\t\t<!-- sd-donate-button-wrapper -->\n\t\t\t\t<\/div>\n\t\t\t\t<!-- sd-campaign-thumb-overlay -->\n\t\t\t\t\t<\/div>\n\t\t<!-- sd-campaign-thumb -->\n\t\t<div class=\"sd-carousel-item-content clearfix\">\n\t\t<h3><a href=\"https:\/\/ajan.africa\/pt\/campaigns\/shape-a-future\/\" title=\"FORMAR UM FUTURO\">FORMAR UM FUTURO<\/a><\/h3>\n\t\t<p>FELIZ, esfor\u00e7ando-se para empoderar os jovens.<\/p>\n\t\t\t\t\t<\/div>\n\t<!-- sd-carousel-item-content -->\n<\/div>\n<!-- sd-campaign-carousel-item -->\n\t\t\t\t\t\t\t\t<\/div>\n\t\t\t\t\t\t\t\t<!-- col-md-4 -->\n\t\t\t\t\t\t\t\t\t\t\t\t\t\t\t\t\t\t\t\t\t\t\t\t\t\t\t\t\t\t\t\t\t\t\t\t\t<div class=\"col-md-4 col-sm-4 sd-listing-item SUPPORTINTEGRALHUMANDEVELOPMENT\">\n\t\t\t\t\t\t\t\t\t<div class=\"sd-campaign-carousel-item\">\n\t\t\t<div class=\"sd-campaign-thumb\">\n\t\t\t<figure>\n\t\t\t\t<a href=\"https:\/\/ajan.africa\/pt\/campaigns\/support-integral-human-development\/\" title=\"APOIAR O DESENVOLVIMENTO HUMANO INTEGRAL\"><img decoding=\"async\" width=\"366\" height=\"220\" src=\"https:\/\/ajan.africa\/wp-content\/uploads\/edd\/2021\/07\/Kenyadzl_zl_7023-1024x701-1-366x220.jpg\" class=\"attachment-sd-campaign-grid size-sd-campaign-grid wp-post-image\" alt=\"\" \/><\/a>\n\t\t\t<\/figure>\n\t\t\t\t\t\t\t<div class=\"sd-campaign-thumb-overlay sd-opacity-trans\">\n\t\t\t\t\t<div class=\"sd-donate-button-wrapper\">\n\t\t\t\t\t\t\t\t\t\t\t\t\t<a class=\"sd-custom-url-donate sd-opacity-trans\" href=\"https:\/\/www.paypal.com\/donate?hosted_button_id=4PM9MDXRXF382\" title=\"DOE AGORA\">DOE AGORA<\/a>\n\t\t\t\t\t\t\t\t\t\t\t<\/div>\n\t\t\t\t\t<!-- sd-donate-button-wrapper -->\n\t\t\t\t<\/div>\n\t\t\t\t<!-- sd-campaign-thumb-overlay -->\n\t\t\t\t\t<\/div>\n\t\t<!-- sd-campaign-thumb -->\n\t\t<div class=\"sd-carousel-item-content clearfix\">\n\t\t<h3><a href=\"https:\/\/ajan.africa\/pt\/campaigns\/support-integral-human-development\/\" title=\"APOIAR O DESENVOLVIMENTO HUMANO INTEGRAL\">APOIAR O DESENVOLVIMENTO HUMANO INTEGRAL<\/a><\/h3>\n\t\t<p>Colabore conosco para mostrar amor e cuidado pelas pessoas infectadas e afetadas pelo HIV e AIDS na \u00c1frica.<\/p>\n\t\t\t\t\t<\/div>\n\t<!-- sd-carousel-item-content -->\n<\/div>\n<!-- sd-campaign-carousel-item -->\n\t\t\t\t\t\t\t\t<\/div>\n\t\t\t\t\t\t\t\t<!-- col-md-4 -->\n\t\t\t\t\t\t\t\t<div class=\"clearfix\"><\/div>\t\t\t\t\t\t\t\t\t\t\t\t\t\t\t\t\t\t\t\t\t\t\t\t\t\t\t\t\t<div class=\"col-md-4 col-sm-4 sd-listing-item SUPPORTINTEGRALHUMANDEVELOPMENT\">\n\t\t\t\t\t\t\t\t\t<div class=\"sd-campaign-carousel-item\">\n\t\t\t<div class=\"sd-campaign-thumb\">\n\t\t\t<figure>\n\t\t\t\t<a href=\"https:\/\/ajan.africa\/pt\/campaigns\/education-and-sponsorship\/\" title=\"EDUCA\u00c7\u00c3O E PATROC\u00cdNIO\"><img loading=\"lazy\" decoding=\"async\" width=\"366\" height=\"220\" src=\"https:\/\/ajan.africa\/wp-content\/uploads\/edd\/2021\/07\/olm7-1024x768-1-366x220.jpeg\" class=\"attachment-sd-campaign-grid size-sd-campaign-grid wp-post-image\" alt=\"\" \/><\/a>\n\t\t\t<\/figure>\n\t\t\t\t\t\t\t<div class=\"sd-campaign-thumb-overlay sd-opacity-trans\">\n\t\t\t\t\t<div class=\"sd-donate-button-wrapper\">\n\t\t\t\t\t\t\t\t\t\t\t\t\t<a class=\"sd-custom-url-donate sd-opacity-trans\" href=\"https:\/\/www.paypal.com\/donate?hosted_button_id=4PM9MDXRXF382\" title=\"DOE AGORA\">DOE AGORA<\/a>\n\t\t\t\t\t\t\t\t\t\t\t<\/div>\n\t\t\t\t\t<!-- sd-donate-button-wrapper -->\n\t\t\t\t<\/div>\n\t\t\t\t<!-- sd-campaign-thumb-overlay -->\n\t\t\t\t\t<\/div>\n\t\t<!-- sd-campaign-thumb -->\n\t\t<div class=\"sd-carousel-item-content clearfix\">\n\t\t<h3><a href=\"https:\/\/ajan.africa\/pt\/campaigns\/education-and-sponsorship\/\" title=\"EDUCA\u00c7\u00c3O E PATROC\u00cdNIO\">EDUCA\u00c7\u00c3O E PATROC\u00cdNIO<\/a><\/h3>\n\t\tEDUCA\u00c7\u00c3O E PATROC\u00cdNIO Alguns centros da AJAN oferecem oportunidades de treinamento para jovens desempregados, \u00f3rf\u00e3os, chefes de\t\t\t\t\t<\/div>\n\t<!-- sd-carousel-item-content -->\n<\/div>\n<!-- sd-campaign-carousel-item -->\n\t\t\t\t\t\t\t\t<\/div>\n\t\t\t\t\t\t\t\t<!-- col-md-4 -->\n\t\t\t\t\t\t\t\t\t\t\t\t\t\t\t\t<div class=\"clearfix visible-sm\"><\/div>\t\t\t\t\t\t\t\t\t\t\t\t\t\t\t\t\t\t\t\t\t<div class=\"col-md-4 col-sm-4 sd-listing-item MEDICALTREATMENT\">\n\t\t\t\t\t\t\t\t\t<div class=\"sd-campaign-carousel-item\">\n\t\t\t<div class=\"sd-campaign-thumb\">\n\t\t\t<figure>\n\t\t\t\t<a href=\"https:\/\/ajan.africa\/pt\/campaigns\/medical-treatment\/\" title=\"TRATAMENTO M\u00c9DICO\"><img loading=\"lazy\" decoding=\"async\" width=\"366\" height=\"220\" src=\"https:\/\/ajan.africa\/wp-content\/uploads\/edd\/2021\/07\/Magis-visit-570x465-1-366x220.jpg\" class=\"attachment-sd-campaign-grid size-sd-campaign-grid wp-post-image\" alt=\"\" \/><\/a>\n\t\t\t<\/figure>\n\t\t\t\t\t\t\t<div class=\"sd-campaign-thumb-overlay sd-opacity-trans\">\n\t\t\t\t\t<div class=\"sd-donate-button-wrapper\">\n\t\t\t\t\t\t\t\t\t\t\t\t\t<a class=\"sd-custom-url-donate sd-opacity-trans\" href=\"https:\/\/www.paypal.com\/donate?hosted_button_id=4PM9MDXRXF382\" title=\"DOE AGORA\">DOE AGORA<\/a>\n\t\t\t\t\t\t\t\t\t\t\t<\/div>\n\t\t\t\t\t<!-- sd-donate-button-wrapper -->\n\t\t\t\t<\/div>\n\t\t\t\t<!-- sd-campaign-thumb-overlay -->\n\t\t\t\t\t<\/div>\n\t\t<!-- sd-campaign-thumb -->\n\t\t<div class=\"sd-carousel-item-content clearfix\">\n\t\t<h3><a href=\"https:\/\/ajan.africa\/pt\/campaigns\/medical-treatment\/\" title=\"TRATAMENTO M\u00c9DICO\">TRATAMENTO M\u00c9DICO<\/a><\/h3>\n\t\tTRATAMENTO M\u00c9DICO Alguns centros da AJAN trabalham para fornecer medicamentos para grupos vulner\u00e1veis, incluindo PLWHVA, leprosos,\t\t\t\t\t<\/div>\n\t<!-- sd-carousel-item-content -->\n<\/div>\n<!-- sd-campaign-carousel-item -->\n\t\t\t\t\t\t\t\t<\/div>\n\t\t\t\t\t\t\t\t<!-- col-md-4 -->\n\t\t\t\t\t\t\t\t\t\t\t\t\t\t\t\t\t\t\t\t\t\t\t\t\t\t\t\t\t\t\t\t\t\t\t\t\t<div class=\"col-md-4 col-sm-4 sd-listing-item PSYCHOSOCIALSUPPORT\">\n\t\t\t\t\t\t\t\t\t<div class=\"sd-campaign-carousel-item\">\n\t\t\t<div class=\"sd-campaign-thumb\">\n\t\t\t<figure>\n\t\t\t\t<a href=\"https:\/\/ajan.africa\/pt\/campaigns\/psychosocial-support\/\" title=\"APOIO PSICOSSOCIAL\"><img loading=\"lazy\" decoding=\"async\" width=\"366\" height=\"220\" src=\"https:\/\/ajan.africa\/wp-content\/uploads\/edd\/2021\/07\/Padre-1155x570-1-366x220.jpg\" class=\"attachment-sd-campaign-grid size-sd-campaign-grid wp-post-image\" alt=\"\" \/><\/a>\n\t\t\t<\/figure>\n\t\t\t\t\t\t\t<div class=\"sd-campaign-thumb-overlay sd-opacity-trans\">\n\t\t\t\t\t<div class=\"sd-donate-button-wrapper\">\n\t\t\t\t\t\t\t\t\t\t\t\t\t<a class=\"sd-custom-url-donate sd-opacity-trans\" href=\"https:\/\/www.paypal.com\/donate?hosted_button_id=4PM9MDXRXF382\" title=\"DOE AGORA\">DOE AGORA<\/a>\n\t\t\t\t\t\t\t\t\t\t\t<\/div>\n\t\t\t\t\t<!-- sd-donate-button-wrapper -->\n\t\t\t\t<\/div>\n\t\t\t\t<!-- sd-campaign-thumb-overlay -->\n\t\t\t\t\t<\/div>\n\t\t<!-- sd-campaign-thumb -->\n\t\t<div class=\"sd-carousel-item-content clearfix\">\n\t\t<h3><a href=\"https:\/\/ajan.africa\/pt\/campaigns\/psychosocial-support\/\" title=\"APOIO PSICOSSOCIAL\">APOIO PSICOSSOCIAL<\/a><\/h3>\n\t\tAPOIO PSICOSSOCIAL A fim de tornar as pessoas sobreviventes de eventos infelizes que tiveram resultados negativos\t\t\t\t\t<\/div>\n\t<!-- sd-carousel-item-content -->\n<\/div>\n<!-- sd-campaign-carousel-item -->\n\t\t\t\t\t\t\t\t<\/div>\n\t\t\t\t\t\t\t\t<!-- col-md-4 -->\n\t\t\t\t\t\t\t\t<div class=\"clearfix\"><\/div>\t\t\t\t\t\t\t\t\t\t\t\t\t\t\t\t\t\t\t\t\t\t\t\t\t\t\t\t\t<div class=\"col-md-4 col-sm-4 sd-listing-item PSYCHOSOCIALSUPPORT\">\n\t\t\t\t\t\t\t\t\t<div class=\"sd-campaign-carousel-item\">\n\t\t\t<div class=\"sd-campaign-thumb\">\n\t\t\t<figure>\n\t\t\t\t<a href=\"https:\/\/ajan.africa\/pt\/campaigns\/income-generating-activities\/\" title=\"ATIVIDADES DE GERA\u00c7\u00c3O DE RENDA\"><img loading=\"lazy\" decoding=\"async\" width=\"366\" height=\"220\" src=\"https:\/\/ajan.africa\/wp-content\/uploads\/edd\/2021\/07\/Vaccine-366x220.jpg\" class=\"attachment-sd-campaign-grid size-sd-campaign-grid wp-post-image\" alt=\"\" \/><\/a>\n\t\t\t<\/figure>\n\t\t\t\t\t\t\t<div class=\"sd-campaign-thumb-overlay sd-opacity-trans\">\n\t\t\t\t\t<div class=\"sd-donate-button-wrapper\">\n\t\t\t\t\t\t\t\t\t\t\t\t\t<a class=\"sd-custom-url-donate sd-opacity-trans\" href=\"https:\/\/www.paypal.com\/donate?hosted_button_id=4PM9MDXRXF382\" title=\"DOE AGORA\">DOE AGORA<\/a>\n\t\t\t\t\t\t\t\t\t\t\t<\/div>\n\t\t\t\t\t<!-- sd-donate-button-wrapper -->\n\t\t\t\t<\/div>\n\t\t\t\t<!-- sd-campaign-thumb-overlay -->\n\t\t\t\t\t<\/div>\n\t\t<!-- sd-campaign-thumb -->\n\t\t<div class=\"sd-carousel-item-content clearfix\">\n\t\t<h3><a href=\"https:\/\/ajan.africa\/pt\/campaigns\/income-generating-activities\/\" title=\"ATIVIDADES DE GERA\u00c7\u00c3O DE RENDA\">ATIVIDADES DE GERA\u00c7\u00c3O DE RENDA<\/a><\/h3>\n\t\tATIVIDADES DE GERA\u00c7\u00c3O DE RENDA Muitos centros da AJAN criaram atividades que permitem a grupos vulner\u00e1veis \u200b\u200bde africanos\t\t\t\t\t<\/div>\n\t<!-- sd-carousel-item-content -->\n<\/div>\n<!-- sd-campaign-carousel-item -->\n\t\t\t\t\t\t\t\t<\/div>\n\t\t\t\t\t\t\t\t<!-- col-md-4 -->\n\t\t\t\t\t\t\t\t\t\t\t\t\t\t\t\t\t\t\t\t\t\t\t\n\t\t\t\t\t<\/div>\n\t\t\t\t\t<!-- sd-listing-content -->\n\t\t\t\t<\/div>\n\t\t\t\t<!-- row -->\n\t\t\t<\/div>\n\t\t\t<!-- sd-campaign-listing -->\n\t\t<\/div><\/div><\/div><\/div><\/div><\/div><div class=\"vc_row wpb_row vc_row-fluid\"><div class=\"container\"><div class=\"sd-centered-wrapper\"><div class=\"wpb_column vc_column_container vc_col-sm-4\"><div class=\"vc_column-inner\"><div class=\"wpb_wrapper\"><\/div><\/div><\/div><div class=\"wpb_column vc_column_container vc_col-sm-4 vc_col-has-fill\"><div class=\"vc_column-inner vc_custom_1438107708888\"><div class=\"wpb_wrapper\"><div id=\"ultimate-heading-691269fb0ea347954\" class=\"uvc-heading ult-adjust-bottom-margin ultimate-heading-691269fb0ea347954 uvc-4583\" data-hspacer=\"no_spacer\"  data-halign=\"center\" style=\"text-align:center\"><div class=\"uvc-heading-spacer no_spacer\" style=\"top\"><\/div><div class=\"uvc-sub-heading ult-responsive\"  data-ultimate-target='.uvc-heading.ultimate-heading-691269fb0ea347954 .uvc-sub-heading '  data-responsive-json-new='{\"font-size\":\"desktop:18px;\",\"line-height\":\"desktop:12px;\"}'  style=\"font-family:&#039;Alegreya&#039;;font-weight:700;color:#ffffff;margin-bottom:20px;\"><\/p>\n<p class=\"sd-text-background\">PARA O BEM<\/p>\n<p><\/div><\/div><div id=\"ultimate-heading-644469fb0ea3479eb\" class=\"uvc-heading ult-adjust-bottom-margin ultimate-heading-644469fb0ea3479eb uvc-7036\" data-hspacer=\"no_spacer\"  data-halign=\"center\" style=\"text-align:center\"><div class=\"uvc-heading-spacer no_spacer\" style=\"top\"><\/div><div class=\"uvc-sub-heading ult-responsive\"  data-ultimate-target='.uvc-heading.ultimate-heading-644469fb0ea3479eb .uvc-sub-heading '  data-responsive-json-new='{\"font-size\":\"desktop:24px;\",\"line-height\":\"desktop:36px;\"}'  style=\"font-family:&#039;Montserrat&#039;;font-weight:700;color:#435061;margin-bottom:20px;\">TORNE-SE VOLUNT\u00c1RIO<\/div><\/div>\n\t<div class=\"wpb_text_column wpb_content_element\" >\n\t\t<div class=\"wpb_wrapper\">\n\t\t\t<p style=\"text-align: center;\">Tanto os alunos quanto os professores podem se submeter ao Treinamento do Programa de Preven\u00e7\u00e3o de HIV e AIDS da AJAN para se tornarem Volunt\u00e1rios.<\/p>\n\n\t\t<\/div>\n\t<\/div>\n<div class=\"ubtn-ctn-center\"><a class=\"ubtn-link ult-adjust-bottom-margin ubtn-center ubtn-normal\" href=\"https:\/\/ajan.africa\/pt\/volunteers\/\" title=\"Junte-se a n\u00f3s agora\" ><button type=\"button\" id=\"ubtn-8688\"  class=\"ubtn ult-adjust-bottom-margin ult-responsive ubtn-normal ubtn-fade-bg  none  ubtn-center   tooltip-69fb0ea347bd9\"  data-hover=\"#f96310\" data-border-color=\"\" data-bg=\"#f96310\" data-hover-bg=\"#ffffff\" data-border-hover=\"#f96310\" data-shadow-hover=\"\" data-shadow-click=\"none\" data-shadow=\"\" data-shd-shadow=\"\"  data-ultimate-target='#ubtn-8688'  data-responsive-json-new='{\"font-size\":\"desktop:13px;\",\"line-height\":\"\"}'  style=\"font-family:&#039;Montserrat&#039;;font-weight:700;border-radius:5px;border-width:2px;border-color:;border-style:solid;background: #f96310;color: #ffffff;\"><span class=\"ubtn-hover\" style=\"background-color:#ffffff\"><\/span><span class=\"ubtn-data ubtn-text\" >JUNTE-SE A N\u00d3S AGORA<\/span><\/button><\/a><\/div><\/div><\/div><\/div><div class=\"wpb_column vc_column_container vc_col-sm-4\"><div class=\"vc_column-inner\"><div class=\"wpb_wrapper\"><\/div><\/div><\/div><\/div><\/div><\/div><!-- Row Backgrounds --><div class=\"upb_bg_img\" data-ultimate-bg=\"url(https:\/\/ajan.africa\/wp-content\/uploads\/2021\/07\/Elizabethweb.jpg)\" data-image-id=\"id^9178|url^http:\/\/ajan.africa\/wp-content\/uploads\/2021\/07\/Elizabethweb.jpg|caption^null|alt^null|title^Elizabethweb|description^null\" data-ultimate-bg-style=\"vcpb-default\" data-bg-img-repeat=\"no-repeat\" data-bg-img-size=\"cover\" data-bg-img-position=\"\" data-parallx_sense=\"30\" data-bg-override=\"0\" data-bg_img_attach=\"scroll\" data-upb-overlay-color=\"\" data-upb-bg-animation=\"\" data-fadeout=\"\" data-bg-animation=\"left-animation\" data-bg-animation-type=\"h\" data-animation-repeat=\"repeat\" data-fadeout-percentage=\"30\" data-parallax-content=\"\" data-parallax-content-sense=\"30\" data-row-effect-mobile-disable=\"true\" data-img-parallax-mobile-disable=\"true\" data-rtl=\"false\"  data-custom-vc-row=\"\"  data-vc=\"6.6.0\"  data-is_old_vc=\"\"  data-theme-support=\"\"   data-overlay=\"false\" data-overlay-color=\"\" data-overlay-pattern=\"\" data-overlay-pattern-opacity=\"\" data-overlay-pattern-size=\"\"    ><\/div>","protected":false},"excerpt":{"rendered":"ATIVIDADES DE GERA\u00c7\u00c3O DE RENDA Muitos centros da AJAN criaram atividades que permitem a grupos vulner\u00e1veis \u200b\u200bde africanos","protected":false},"author":155,"featured_media":0,"parent":0,"menu_order":0,"comment_status":"closed","ping_status":"open","template":"full-width-page.php","meta":{"om_disable_all_campaigns":false,"_monsterinsights_skip_tracking":false,"_monsterinsights_sitenote_active":false,"_monsterinsights_sitenote_note":"","_monsterinsights_sitenote_category":0,"footnotes":""},"class_list":["post-65","page","type-page","status-publish","hentry"],"aioseo_notices":[],"_links":{"self":[{"href":"https:\/\/ajan.africa\/pt\/wp-json\/wp\/v2\/pages\/65","targetHints":{"allow":["GET"]}}],"collection":[{"href":"https:\/\/ajan.africa\/pt\/wp-json\/wp\/v2\/pages"}],"about":[{"href":"https:\/\/ajan.africa\/pt\/wp-json\/wp\/v2\/types\/page"}],"author":[{"embeddable":true,"href":"https:\/\/ajan.africa\/pt\/wp-json\/wp\/v2\/users\/155"}],"replies":[{"embeddable":true,"href":"https:\/\/ajan.africa\/pt\/wp-json\/wp\/v2\/comments?post=65"}],"version-history":[{"count":0,"href":"https:\/\/ajan.africa\/pt\/wp-json\/wp\/v2\/pages\/65\/revisions"}],"wp:attachment":[{"href":"https:\/\/ajan.africa\/pt\/wp-json\/wp\/v2\/media?parent=65"}],"curies":[{"name":"wp","href":"https:\/\/api.w.org\/{rel}","templated":true}]}}