{"id":95,"date":"2015-07-28T18:23:39","date_gmt":"2015-07-28T18:23:39","guid":{"rendered":"http:\/\/helpinghands.skat.tf\/?page_id=95"},"modified":"2023-05-19T09:08:26","modified_gmt":"2023-05-19T09:08:26","slug":"volunteers","status":"publish","type":"page","link":"https:\/\/ajan.africa\/pt\/volunteers\/","title":{"rendered":"VOLUNT\u00c1RIOS"},"content":{"rendered":"<div class=\"vc_row wpb_row vc_row-fluid\"><div class=\"container\"><div class=\"sd-centered-wrapper\"><div class=\"wpb_column vc_column_container vc_col-sm-12\"><div class=\"vc_column-inner\"><div class=\"wpb_wrapper\"><div class=\"ult-spacer spacer-69dcbcb12eee2\" data-id=\"69dcbcb12eee2\" data-height=\"110\" data-height-mobile=\"50\" data-height-tab=\"\" data-height-tab-portrait=\"\" data-height-mobile-landscape=\"\" style=\"clear:both;display:block;\"><\/div><div id=\"ultimate-heading-657869dcbcb12ef2d\" class=\"uvc-heading ult-adjust-bottom-margin ultimate-heading-657869dcbcb12ef2d uvc-1862\" data-hspacer=\"no_spacer\"  data-halign=\"left\" style=\"text-align:left\"><div class=\"uvc-heading-spacer no_spacer\" style=\"top\"><\/div><div class=\"uvc-sub-heading ult-responsive\"  data-ultimate-target='.uvc-heading.ultimate-heading-657869dcbcb12ef2d .uvc-sub-heading '  data-responsive-json-new='{\"font-size\":\"desktop:18px;\",\"line-height\":\"desktop:18px;\"}'  style=\"font-family:&#039;Montserrat&#039;;font-weight:700;\"><\/p>\n<p class=\"sd-text-bg-white\">VOLUNTEERING<\/p>\n<p><\/div><\/div><div class=\"ult-spacer spacer-69dcbcb12ef81\" data-id=\"69dcbcb12ef81\" data-height=\"110\" data-height-mobile=\"50\" data-height-tab=\"\" data-height-tab-portrait=\"\" data-height-mobile-landscape=\"\" style=\"clear:both;display:block;\"><\/div><\/div><\/div><\/div><\/div><\/div><\/div><!-- Row Backgrounds --><div class=\"upb_bg_img\" data-ultimate-bg=\"url(https:\/\/ajan.africa\/wp-content\/uploads\/edd\/2021\/07\/cel-for-sammy.jpg)\" data-image-id=\"id^9035|url^http:\/\/ajan.africa\/wp-content\/uploads\/edd\/2021\/07\/cel-for-sammy.jpg|caption^null|alt^null|title^cel-for-sammy|description^null\" data-ultimate-bg-style=\"vcpb-default\" data-bg-img-repeat=\"no-repeat\" data-bg-img-size=\"cover\" data-bg-img-position=\"\" data-parallx_sense=\"30\" data-bg-override=\"0\" data-bg_img_attach=\"scroll\" data-upb-overlay-color=\"\" data-upb-bg-animation=\"\" data-fadeout=\"\" data-bg-animation=\"left-animation\" data-bg-animation-type=\"h\" data-animation-repeat=\"repeat\" data-fadeout-percentage=\"30\" data-parallax-content=\"\" data-parallax-content-sense=\"30\" data-row-effect-mobile-disable=\"true\" data-img-parallax-mobile-disable=\"true\" data-rtl=\"false\"  data-custom-vc-row=\"\"  data-vc=\"6.6.0\"  data-is_old_vc=\"\"  data-theme-support=\"\"   data-overlay=\"false\" data-overlay-color=\"\" data-overlay-pattern=\"\" data-overlay-pattern-opacity=\"\" data-overlay-pattern-size=\"\"    ><\/div><div class=\"vc_row wpb_row vc_row-fluid\"><div class=\"container\"><div class=\"sd-centered-wrapper\"><div class=\"wpb_column vc_column_container vc_col-sm-12\"><div class=\"vc_column-inner\"><div class=\"wpb_wrapper\"><div class=\"ult-spacer spacer-69dcbcb13112c\" data-id=\"69dcbcb13112c\" data-height=\"70\" data-height-mobile=\"70\" data-height-tab=\"70\" data-height-tab-portrait=\"\" data-height-mobile-landscape=\"\" style=\"clear:both;display:block;\"><\/div><div class=\"vc_row wpb_row vc_inner vc_row-fluid\"><div class=\"wpb_column vc_column_container vc_col-sm-6\"><div class=\"vc_column-inner\"><div class=\"wpb_wrapper\"><div id=\"ultimate-heading-378969dcbcb131afc\" class=\"uvc-heading ult-adjust-bottom-margin ultimate-heading-378969dcbcb131afc uvc-7217\" data-hspacer=\"no_spacer\"  data-halign=\"left\" style=\"text-align:left\"><div class=\"uvc-heading-spacer no_spacer\" style=\"top\"><\/div><div class=\"uvc-main-heading ult-responsive\"  data-ultimate-target='.uvc-heading.ultimate-heading-378969dcbcb131afc h3'  data-responsive-json-new='{\"font-size\":\"desktop:24px;\",\"line-height\":\"desktop:36px;\"}' ><h3 style=\"font-family:&#039;Montserrat&#039;;font-weight:700;color:637285;margin-bottom:15px;\">THE MOST IMPORTANT THING FOR US IS TO SAVE LIVES. HELP US IN ACHIEVING THIS.<\/h3><\/div><div class=\"uvc-sub-heading ult-responsive\"  data-ultimate-target='.uvc-heading.ultimate-heading-378969dcbcb131afc .uvc-sub-heading '  data-responsive-json-new='{\"font-size\":\"desktop:21px;\",\"line-height\":\"desktop:30px;\"}'  style=\"font-family:&#039;Karla&#039;;font-weight:normal;color:#9aa5a8;margin-bottom:25px;\">O AHAPPY (Programa de Preven\u00e7\u00e3o de HIV e AIDS da AJAN para Jovens) da AJAN, voltado para os jovens, oferece duas op\u00e7\u00f5es: -<\/p>\n<ul>\n<li>Voc\u00ea pode fazer um Curso de Treinamento de Instrutores e se tornar um agente contra o HIV e o estigma relacionado a ele e um influenciador social positivo em sua comunidade.<\/li>\n<li>Voc\u00ea pode fazer um curso de Treinamento de Instrutores e se tornar um instrutor em sua institui\u00e7\u00e3o ou comunidade.<\/li>\n<\/ul>\n<p><span style=\"color: #f96310;\">Get in touch with us via ajan@jesuits.africa for more information.<\/span><\/div><\/div>\n\t<div  class=\"wpb_single_image wpb_content_element vc_align_center\">\n\t\t\n\t\t<figure class=\"wpb_wrapper vc_figure\">\n\t\t\t<div class=\"vc_single_image-wrapper   vc_box_border_grey\"><img fetchpriority=\"high\" decoding=\"async\" class=\"vc_single_image-img\" src=\"https:\/\/ajan.africa\/wp-content\/uploads\/2021\/07\/Annotation-2020-06-18-115041-768x512-1-650x350.jpg\" width=\"650\" height=\"350\" alt=\"Annotation-2020-06-18-115041-768x512\" title=\"Annotation-2020-06-18-115041-768x512\" \/><\/div>\n\t\t<\/figure>\n\t<\/div>\n\n\t<div class=\"wpb_text_column wpb_content_element\" >\n\t\t<div class=\"wpb_wrapper\">\n\t\t\t<p>A AJAN incentiva a sociedade e colabora com simpatizantes para mostrar amor e cuidado pelos vulner\u00e1veis \u200b\u200bna sociedade atrav\u00e9s; Tratamento M\u00e9dico, Apoio Psicossocial, Pastoral, Visitas Domiciliares de Apoio e Atividades de Grupo de Apoio, Atividades Geradoras de Renda, Educa\u00e7\u00e3o e Patroc\u00ednio, Presta\u00e7\u00e3o de Servi\u00e7os B\u00e1sicos como Alimenta\u00e7\u00e3o, Constru\u00e7\u00e3o e Repara\u00e7\u00e3o de Abrigos, Vestu\u00e1rio e Voluntariado.<\/p>\n<p><span style=\"color: #f96310;\">Please register to become a volunteer.<\/span><\/p>\n\n\t\t<\/div>\n\t<\/div>\n<div id=\"ultimate-heading-486769dcbcb132ea3\" class=\"uvc-heading ult-adjust-bottom-margin ultimate-heading-486769dcbcb132ea3 uvc-9925\" data-hspacer=\"no_spacer\"  data-halign=\"left\" style=\"text-align:left\"><div class=\"uvc-heading-spacer no_spacer\" style=\"top\"><\/div><div class=\"uvc-main-heading ult-responsive\"  data-ultimate-target='.uvc-heading.ultimate-heading-486769dcbcb132ea3 h3'  data-responsive-json-new='{\"font-size\":\"desktop:24px;\",\"line-height\":\"desktop:36px;\"}' ><h3 style=\"font-family:&#039;Montserrat&#039;;font-weight:700;margin-bottom:30px;\">WHY THE AFRICAN SOCIETY NEEDS AJAN<\/h3><\/div><\/div><div class=\"smile_icon_list_wrap ult_info_list_container ult-adjust-bottom-margin\"><ul class=\"smile_icon_list left circle with_bg\"><li class=\"icon_list_item\" style=\" font-size:78px;\"><div class=\"icon_list_icon\" data-animation=\"bounceInDown\" data-animation-delay=\"03\" style=\"font-size:26px;border-width:1px;border-style:none;background:#f1f5fa;color:#f96310;border-color:#333333;\"><i class=\"Defaults-heart\" ><\/i><\/div><div class=\"icon_description\" id=\"Info-list-wrap-9131\" style=\"font-size:26px;\"><h3 class=\"ult-responsive info-list-heading\"  data-ultimate-target='#Info-list-wrap-9131 h3'  data-responsive-json-new='{\"font-size\":\"desktop:14px;\",\"line-height\":\"desktop:24px;\"}'  style=\"font-family:&#039;Montserrat&#039;;\">WORKING WITH YOUNG PEOPLE TO ENSURE THEY REMAIN HIV-FREE<\/h3><div class=\"icon_description_text ult-responsive\"  data-ultimate-target='#Info-list-wrap-9131 .icon_description_text'  data-responsive-json-new='{\"font-size\":\"desktop:16px;\",\"line-height\":\"desktop:24px;\"}'  style=\"font-family:&#039;Karla&#039;;\"><p>AJAN works with young people to ensure they remain HIV-free. It also ensures that, those infected, live fulfilled lives. Therefore, AJAN works to prevent HIV, reduce infections, increase knowledge about HIV, bridge accessibility to treatment, fights against stigma at individual and community levels.<\/p>\n<\/div><\/div><div class=\"icon_list_connector\" data-animation=\"fadeInUp\" data-animation-delay=\"03\" style=\"border-right-width: 1px;border-right-style: dashed;border-color: #637285;\"><\/div><\/li><li class=\"icon_list_item\" style=\" font-size:78px;\"><div class=\"icon_list_icon\" data-animation=\"bounceInDown\" data-animation-delay=\"03\" style=\"font-size:26px;border-width:1px;border-style:none;background:#f1f5fa;color:#f96310;border-color:#333333;\"><i class=\"Defaults-life-bouy life-buoy life-ring life-saver support\" ><\/i><\/div><div class=\"icon_description\" id=\"Info-list-wrap-9608\" style=\"font-size:26px;\"><h3 class=\"ult-responsive info-list-heading\"  data-ultimate-target='#Info-list-wrap-9608 h3'  data-responsive-json-new='{\"font-size\":\"desktop:14px;\",\"line-height\":\"desktop:24px;\"}'  style=\"font-family:&#039;Montserrat&#039;;\">PROMOTING THE INTEGRAL GROWTH OF THE HUMAN PERSON<\/h3><div class=\"icon_description_text ult-responsive\"  data-ultimate-target='#Info-list-wrap-9608 .icon_description_text'  data-responsive-json-new='{\"font-size\":\"desktop:16px;\",\"line-height\":\"desktop:24px;\"}'  style=\"font-family:&#039;Karla&#039;;\"><p>AJAN promotes the integral growth of the human person. AJAN is driven by the Jesuit characteristic of Cura Personalis -care for the whole person. It considers the elements of the human person which are physical, intellectual, emotional, spiritual, and social. This reduces gender-based violence, improves performance in class, empowered youths in society, reduced child pregnancies, and reduced delinquencies\/crime.<\/p>\n<\/div><\/div><div class=\"icon_list_connector\" data-animation=\"fadeInUp\" data-animation-delay=\"03\" style=\"border-right-width: 1px;border-right-style: dashed;border-color: #637285;\"><\/div><\/li><li class=\"icon_list_item\" style=\" font-size:78px;\"><div class=\"icon_list_icon\" data-animation=\"bounceInDown\" data-animation-delay=\"03\" style=\"font-size:26px;border-width:1px;border-style:none;background:#f1f5fa;color:#f96310;border-color:#333333;\"><i class=\"Defaults-lightbulb-o\" ><\/i><\/div><div class=\"icon_description\" id=\"Info-list-wrap-6873\" style=\"font-size:26px;\"><h3 class=\"ult-responsive info-list-heading\"  data-ultimate-target='#Info-list-wrap-6873 h3'  data-responsive-json-new='{\"font-size\":\"desktop:14px;\",\"line-height\":\"desktop:24px;\"}'  style=\"font-family:&#039;Montserrat&#039;;\">KEEPING HIV AND AIDS AND OTHER DISEASES ON THE AGENDA OF JESUITS<\/h3><div class=\"icon_description_text ult-responsive\"  data-ultimate-target='#Info-list-wrap-6873 .icon_description_text'  data-responsive-json-new='{\"font-size\":\"desktop:16px;\",\"line-height\":\"desktop:24px;\"}'  style=\"font-family:&#039;Karla&#039;;\"><p>AJAN keeps HIV and AIDS, leprosy, Hepatitis B, and other diseases on the agenda of Jesuits, the church, and the African society. Although AJANs main agenda has been fighting against HIV and AIDS, some social centres within the network tackle other diseases such as leprosy, and Hepatitis.<\/p>\n<\/div><\/div><div class=\"icon_list_connector\" data-animation=\"fadeInUp\" data-animation-delay=\"03\" style=\"border-right-width: 1px;border-right-style: dashed;border-color: #637285;\"><\/div><\/li><li class=\"icon_list_item\" style=\" font-size:78px;\"><div class=\"icon_list_icon\" data-animation=\"bounceInDown\" data-animation-delay=\"03\" style=\"font-size:26px;border-width:1px;border-style:none;background:#f1f5fa;color:#f96310;border-color:#333333;\"><i class=\"Defaults-thumbs-up\" ><\/i><\/div><div class=\"icon_description\" id=\"Info-list-wrap-1389\" style=\"font-size:26px;\"><h3 class=\"ult-responsive info-list-heading\"  data-ultimate-target='#Info-list-wrap-1389 h3'  data-responsive-json-new='{\"font-size\":\"desktop:14px;\",\"line-height\":\"desktop:24px;\"}'  style=\"font-family:&#039;Montserrat&#039;;\">EFFECTIVELY PERFORMING AJAN ROLES<\/h3><div class=\"icon_description_text ult-responsive\"  data-ultimate-target='#Info-list-wrap-1389 .icon_description_text'  data-responsive-json-new='{\"font-size\":\"desktop:16px;\",\"line-height\":\"desktop:24px;\"}'  style=\"font-family:&#039;Karla&#039;;\"><p>To effectively perform its role, AJAN undertakes resources mobilization to build a sustainable financial resource for AJAN. This enables AJAN to perform its role within the Jesuit Network and society.<\/p>\n<\/div><\/div><div class=\"icon_list_connector\" data-animation=\"fadeInUp\" data-animation-delay=\"03\" style=\"border-right-width: 1px;border-right-style: dashed;border-color: #637285;\"><\/div><\/li><\/ul><\/div><\/div><\/div><\/div><div class=\"wpb_column vc_column_container vc_col-sm-6\"><div class=\"vc_column-inner\"><div class=\"wpb_wrapper\">\n<div class=\"wpcf7 no-js\" id=\"wpcf7-f356-o1\" lang=\"en-US\" dir=\"ltr\" data-wpcf7-id=\"356\">\n<div class=\"screen-reader-response\"><p role=\"status\" aria-live=\"polite\" aria-atomic=\"true\"><\/p> <ul><\/ul><\/div>\n<form action=\"\/pt\/wp-json\/wp\/v2\/pages\/95#wpcf7-f356-o1\" method=\"post\" class=\"wpcf7-form init\" aria-label=\"Contact form\" novalidate=\"novalidate\" data-status=\"init\" data-trp-original-action=\"\/pt\/wp-json\/wp\/v2\/pages\/95#wpcf7-f356-o1\">\n<fieldset class=\"hidden-fields-container\"><input type=\"hidden\" name=\"_wpcf7\" value=\"356\" \/><input type=\"hidden\" name=\"_wpcf7_version\" value=\"6.1.5\" \/><input type=\"hidden\" name=\"_wpcf7_locale\" value=\"en_US\" \/><input type=\"hidden\" name=\"_wpcf7_unit_tag\" value=\"wpcf7-f356-o1\" \/><input type=\"hidden\" name=\"_wpcf7_container_post\" value=\"0\" \/><input type=\"hidden\" name=\"_wpcf7_posted_data_hash\" value=\"\" \/>\n<\/fieldset>\n<div class=\"sd-volunteer clearfix\">\n\n<h4>NEW VOLUNTEER?<\/h4>\n<h5>THE FOLLOWING INFO IS REQUIRED<\/h5>\n<p>\n<label>NAME*<\/label>\n<span class=\"wpcf7-form-control-wrap\" data-name=\"text-669\"><input size=\"40\" maxlength=\"400\" class=\"wpcf7-form-control wpcf7-text wpcf7-validates-as-required\" aria-required=\"true\" aria-invalid=\"false\" value=\"\" type=\"text\" name=\"text-669\" \/><\/span>\n<\/p>\n\n<p>\n<label>E-EMAIL*<\/label>\n<span class=\"wpcf7-form-control-wrap\" data-name=\"email-684\"><input size=\"40\" maxlength=\"400\" class=\"wpcf7-form-control wpcf7-email wpcf7-validates-as-required wpcf7-text wpcf7-validates-as-email\" aria-required=\"true\" aria-invalid=\"false\" value=\"\" type=\"email\" name=\"email-684\" \/><\/span>\n<\/p>\n\n<p>\n<label>PHONE*<\/label>\n<span class=\"wpcf7-form-control-wrap\" data-name=\"tel-619\"><input size=\"40\" maxlength=\"400\" class=\"wpcf7-form-control wpcf7-tel wpcf7-text wpcf7-validates-as-tel\" aria-invalid=\"false\" value=\"\" type=\"tel\" name=\"tel-619\" \/><\/span>\n<\/p>\n\n<p>\n<label>ADDRESS*<\/label>\n<span class=\"wpcf7-form-control-wrap\" data-name=\"text-99\"><input size=\"40\" maxlength=\"400\" class=\"wpcf7-form-control wpcf7-text wpcf7-validates-as-required\" aria-required=\"true\" aria-invalid=\"false\" value=\"\" type=\"text\" name=\"text-99\" \/><\/span>\n<small>ADDRESS LINE<\/small>\n<\/p>\n\n<p>\n<span class=\"wpcf7-form-control-wrap\" data-name=\"text-100\"><input size=\"40\" maxlength=\"400\" class=\"wpcf7-form-control wpcf7-text wpcf7-validates-as-required\" aria-required=\"true\" aria-invalid=\"false\" value=\"\" type=\"text\" name=\"text-100\" \/><\/span>\n<small>ADDRESS LINE<\/small>\n<\/p>\n\n<p class=\"sd-half sd-half-left\">\n<span class=\"wpcf7-form-control-wrap\" data-name=\"text-375\"><input size=\"40\" maxlength=\"400\" class=\"wpcf7-form-control wpcf7-text wpcf7-validates-as-required\" aria-required=\"true\" aria-invalid=\"false\" value=\"\" type=\"text\" name=\"text-375\" \/><\/span>\n<small>CITY<\/small>\n<\/p>\n\n<p class=\"sd-half\">\n<span class=\"wpcf7-form-control-wrap\" data-name=\"text-210\"><input size=\"40\" maxlength=\"400\" class=\"wpcf7-form-control wpcf7-text\" aria-invalid=\"false\" value=\"\" type=\"text\" name=\"text-210\" \/><\/span>\n<small>STATE\/REGION<\/small>\n<\/p>\n\n<p>\n<span class=\"wpcf7-form-control-wrap\" data-name=\"text-100\"><input size=\"40\" maxlength=\"400\" class=\"wpcf7-form-control wpcf7-text wpcf7-validates-as-required\" aria-required=\"true\" aria-invalid=\"false\" value=\"\" type=\"text\" name=\"text-100\" \/><\/span>\n<small>ZIP\/POSTAL CODE<\/small>\n<\/p>\n\n<p>\n<label>COUNTRY<\/label>\n<span class=\"wpcf7-form-control-wrap\" data-name=\"menu-917\"><select class=\"wpcf7-form-control wpcf7-select wpcf7-validates-as-required\" aria-required=\"true\" aria-invalid=\"false\" name=\"menu-917\"><option value=\"\">&#8212;Please choose an option&#8212;<\/option><option value=\"Democratic Republic of the Congo\">Democratic Republic of the Congo<\/option><option value=\"Kenya\">Kenya<\/option><option value=\"Tanzania\">Tanzania<\/option><option value=\"Uganda\">Uganda<\/option><option value=\"South- Sudan\">South- Sudan<\/option><option value=\"Madagascar\">Madagascar<\/option><option value=\"Liberia\">Liberia<\/option><option value=\"Burundi\">Burundi<\/option><option value=\"Rwanda\">Rwanda<\/option><option value=\"South Africa\">South Africa<\/option><option value=\"Zimbabwe\">Zimbabwe<\/option><option value=\"Mozambique\">Mozambique<\/option><option value=\"Zambia\">Zambia<\/option><option value=\"Malawi\">Malawi<\/option><option value=\"Togo\">Togo<\/option><option value=\"Chad\">Chad<\/option><option value=\"Benin\">Benin<\/option><option value=\"Burkina Faso\">Burkina Faso<\/option><\/select><\/span>\n<\/p>\n\n<p>\n<span class=\"wpcf7-form-control-wrap\" data-name=\"captcha-207\"><input size=\"40\" class=\"wpcf7-form-control wpcf7-captchar\" autocomplete=\"off\" aria-invalid=\"false\" placeholder=\"Anti-Spam Code\" value=\"\" type=\"text\" name=\"captcha-207\" \/><\/span>\n<input type=\"hidden\" name=\"_wpcf7_captcha_challenge_captcha-207\" value=\"3999662278\" \/><img decoding=\"async\" class=\"wpcf7-form-control wpcf7-captchac wpcf7-captcha-captcha-207\" width=\"60\" height=\"20\" alt=\"captcha\" src=\"https:\/\/ajan.africa\/wp-content\/uploads\/wpcf7_captcha\/3999662278.png\" \/>\n<\/p>\n\n<input class=\"wpcf7-form-control wpcf7-submit has-spinner\" type=\"submit\" value=\"Enviar\" \/>\n\n<\/div><div class=\"wpcf7-response-output\" aria-hidden=\"true\"><\/div>\n<input type=\"hidden\" name=\"trp-form-language\" value=\"pt\"\/><\/form>\n<\/div>\n<\/div><\/div><\/div><\/div><\/div><\/div><\/div><\/div><\/div><\/div><div class=\"vc_row wpb_row vc_row-fluid\"><div class=\"container\"><div class=\"sd-centered-wrapper\"><div class=\"wpb_column vc_column_container vc_col-sm-4\"><div class=\"vc_column-inner vc_custom_1438294161924\"><div class=\"wpb_wrapper\"><div class=\"ult-content-box-container\" >\t\t<div class=\"ult-content-box\" style=\"background-color:#f1f5fa;box-shadow: px px px px rgb(247, 247, 247) none;padding:30px;-webkit-transition: all 700ms ease;-moz-transition: all 700ms ease;-ms-transition: all 700ms ease;-o-transition: all 700ms ease;transition: all 700ms ease;\"  data-hover_box_shadow=\"none\"     data-bg=\"#f1f5fa\" >\n\t<div class=\"wpb_text_column wpb_content_element  vc_custom_1627384148091\" >\n\t\t<div class=\"wpb_wrapper\">\n\t\t\t<h4>EMAIL US AT AJAN@JESUITS.AFRICA<\/h4>\n\n\t\t<\/div>\n\t<\/div>\n\t\t<\/div><\/div><\/div><\/div><\/div><div class=\"wpb_column vc_column_container vc_col-sm-4\"><div class=\"vc_column-inner vc_custom_1438294123374\"><div class=\"wpb_wrapper\"><div class=\"ult-content-box-container\" >\t\t<div class=\"ult-content-box\" style=\"background-color:#e7edf5;box-shadow: px px px px #f7f7f7 none;padding:30px;-webkit-transition: all 700ms ease;-moz-transition: all 700ms ease;-ms-transition: all 700ms ease;-o-transition: all 700ms ease;transition: all 700ms ease;\"  data-hover_box_shadow=\"none\"     data-bg=\"#e7edf5\" >\n\t<div class=\"wpb_text_column wpb_content_element  vc_custom_1627384089116\" >\n\t\t<div class=\"wpb_wrapper\">\n\t\t\t<h4>QUESTIONS? GIVE US A CALL AT TELL (+254-20) 3884 528<\/h4>\n\n\t\t<\/div>\n\t<\/div>\n\t\t<\/div><\/div><div class=\"ult-spacer spacer-69dcbcb13cdfb\" data-id=\"69dcbcb13cdfb\" data-height=\"70\" data-height-mobile=\"70\" data-height-tab=\"70\" data-height-tab-portrait=\"\" data-height-mobile-landscape=\"\" style=\"clear:both;display:block;\"><\/div><\/div><\/div><\/div><div class=\"wpb_column vc_column_container vc_col-sm-4\"><div class=\"vc_column-inner\"><div class=\"wpb_wrapper\">\n\t<div class=\"wpb_text_column wpb_content_element\" >\n\t\t<div class=\"wpb_wrapper\">\n\t\t\t\n\t\t<\/div>\n\t<\/div>\n<\/div><\/div><\/div><\/div><\/div><\/div>","protected":false},"excerpt":{"rendered":"<p><a class=\"sd-more sd-all-trans\" href=\"https:\/\/ajan.africa\/pt\/volunteers\/#more-95\">consulte Mais informa\u00e7\u00e3o<\/a><\/p>","protected":false},"author":155,"featured_media":0,"parent":0,"menu_order":0,"comment_status":"closed","ping_status":"open","template":"full-width-page.php","meta":{"om_disable_all_campaigns":false,"_monsterinsights_skip_tracking":false,"_monsterinsights_sitenote_active":false,"_monsterinsights_sitenote_note":"","_monsterinsights_sitenote_category":0,"footnotes":""},"class_list":["post-95","page","type-page","status-publish","hentry"],"aioseo_notices":[],"_links":{"self":[{"href":"https:\/\/ajan.africa\/pt\/wp-json\/wp\/v2\/pages\/95","targetHints":{"allow":["GET"]}}],"collection":[{"href":"https:\/\/ajan.africa\/pt\/wp-json\/wp\/v2\/pages"}],"about":[{"href":"https:\/\/ajan.africa\/pt\/wp-json\/wp\/v2\/types\/page"}],"author":[{"embeddable":true,"href":"https:\/\/ajan.africa\/pt\/wp-json\/wp\/v2\/users\/155"}],"replies":[{"embeddable":true,"href":"https:\/\/ajan.africa\/pt\/wp-json\/wp\/v2\/comments?post=95"}],"version-history":[{"count":0,"href":"https:\/\/ajan.africa\/pt\/wp-json\/wp\/v2\/pages\/95\/revisions"}],"wp:attachment":[{"href":"https:\/\/ajan.africa\/pt\/wp-json\/wp\/v2\/media?parent=95"}],"curies":[{"name":"wp","href":"https:\/\/api.w.org\/{rel}","templated":true}]}}